{"id":79,"date":"2015-05-18T13:16:28","date_gmt":"2015-05-18T23:16:28","guid":{"rendered":"https:\/\/blogsites.ksbe.edu\/kapalamatransportation\/?page_id=79"},"modified":"2025-04-21T18:20:31","modified_gmt":"2025-04-22T04:20:31","slug":"commuter-time-bus-schedule","status":"publish","type":"page","link":"https:\/\/blogsites.ksbe.edu\/transportation\/commuter-bus-stops-service-areas\/commuter-time-bus-schedule\/","title":{"rendered":"Commuter Time Bus Schedule"},"content":{"rendered":"<div class=\"tabs_container\"><ul class=\"tabs\"><li><a href=\"#\"><i class=\"theme-icon icon-sun-o\" style=\"color:#000000\"><\/i>AM Commuter Routes SY 25\/26<\/a><\/li><li><a href=\"#\"><i class=\"theme-icon icon-moon-o\" style=\"color:#000000\"><\/i>PM Commuter Routes SY 25\/26<\/a><\/li><li><a href=\"#\"><i class=\"theme-icon icon-moon-o\" style=\"color:#000000\"><\/i>Wednesday Schedule SY25\/26<\/a><\/li><\/ul><div class=\"panes\"><div class=\"pane\"><p><strong><em>*Please Note: Buses will depart promptly at the scheduled departure time. Students should be at the stop at least 10 minutes prior to the scheduled departure time for all AM bus stops.<\/em><\/strong><\/p>\n<p>KES (Gr. K-6), KMS (Gr. 7-8), and KHS (Gr. 9-12)<\/p>\n\n<table id=\"tablepress-1\" class=\"tablepress tablepress-id-1 tablepress-responsive-phone\">\n<thead>\n<tr class=\"row-1\">\n\t<th class=\"column-1\">AM Bus Route<\/th><th class=\"column-2\">Bus Stop<\/th><th class=\"column-3\">Departure Time<\/th>\n<\/tr>\n<\/thead>\n<tbody class=\"row-striping row-hover\">\n<tr class=\"row-2\">\n\t<td class=\"column-1\">\u02bbEwa (KES, KMS &amp; KHS)<\/td><td class=\"column-2\">Boys &amp; Girls Club<br \/>\n<\/td><td class=\"column-3\">6:00am<br \/>\n<\/td>\n<\/tr>\n<tr class=\"row-3\">\n\t<td class=\"column-1\">Hawai\u02bbi Kai (KES, KMS &amp; KHS)<br \/>\n<\/td><td class=\"column-2\">Hawai\u02bbi Kai Costco<\/td><td class=\"column-3\">6:20am<\/td>\n<\/tr>\n<tr class=\"row-4\">\n\t<td class=\"column-1\">Kailua (KES, KMS &amp; KHS)<\/td><td class=\"column-2\">Kailua Park Rec <br \/>\nKailua Seagull School <\/td><td class=\"column-3\">6:15am<br \/>\n6:20am<\/td>\n<\/tr>\n<tr class=\"row-5\">\n\t<td class=\"column-1\">K\u0101ne\u02bbohe (KES, KMS &amp; KHS)<br \/>\n<\/td><td class=\"column-2\">K\u0101ne'ohe Windward Mall Mauka Parking Lot<\/td><td class=\"column-3\">6:30am<br \/>\n<\/td>\n<\/tr>\n<tr class=\"row-6\">\n\t<td class=\"column-1\">Kapolei (KES, KMS &amp; KHS)<\/td><td class=\"column-2\">Villages of Kapolei Rec Center<\/td><td class=\"column-3\">6:00am<\/td>\n<\/tr>\n<tr class=\"row-7\">\n\t<td class=\"column-1\">Makakilo (KES, KMS &amp; KHS)<br \/>\n<\/td><td class=\"column-2\">Makakilo LDS Church<\/td><td class=\"column-3\">6:00am<\/td>\n<\/tr>\n<tr class=\"row-8\">\n\t<td class=\"column-1\">Mililani  (KES, KMS &amp; KHS)<br \/>\n<\/td><td class=\"column-2\">Mililani Park &amp; Ride<\/td><td class=\"column-3\">6:20am<\/td>\n<\/tr>\n<tr class=\"row-9\">\n\t<td class=\"column-1\">N\u0101n\u0101kuli (KES, KMS &amp; KHS)<\/td><td class=\"column-2\">Kalaniho'okah\u0101<\/td><td class=\"column-3\">6:05am<br \/>\n<\/td>\n<\/tr>\n<tr class=\"row-10\">\n\t<td class=\"column-1\">Princess Kahanu\/M\u0101\u02bbili (KES, KMS &amp; KHS)<\/td><td class=\"column-2\">Community Learning Center at M\u0101\u02bbili <\/td><td class=\"column-3\">5:55am<br \/>\n<\/td>\n<\/tr>\n<tr class=\"row-11\">\n\t<td class=\"column-1\">North Shore (KES, KMS &amp; KHS)<\/td><td class=\"column-2\">P\u016bp\u016bkea Foodland <br \/>\nKahuku Across Vulu Express Gas Station<br \/>\nLaie Shopping Center <br \/>\nHau\u02bbula Tamura's<br \/>\nKa\u02bba\u02bbawa Post Office<br \/>\nKahalu'u Key Project<\/td><td class=\"column-3\">5:30am<br \/>\n5:45am<br \/>\n5:50am<br \/>\n6:00am<br \/>\n6:15am<br \/>\n6:30am<\/td>\n<\/tr>\n<tr class=\"row-12\">\n\t<td class=\"column-1\">Pearl City (KES, KMS &amp; KHS)<br \/>\n<\/td><td class=\"column-2\">Waiau District Park - Upper Parking Lot <br \/>\n<\/td><td class=\"column-3\">6:30am<\/td>\n<\/tr>\n<tr class=\"row-13\">\n\t<td class=\"column-1\">Wahiawa\/Hale\u02bbiwa (KES, KMS &amp; KHS)<br \/>\n<\/td><td class=\"column-2\">Hale\u02bbiwa M\u0101lama Market<br \/>\nWahiawa California Avenue<\/td><td class=\"column-3\">5:45am<br \/>\n6:15am<\/td>\n<\/tr>\n<tr class=\"row-14\">\n\t<td class=\"column-1\">Wai\u02bbanae (KES, KMS &amp; KHS)<\/td><td class=\"column-2\">Wai\u02bbanae Mall (Long's)<\/td><td class=\"column-3\">5:45am<\/td>\n<\/tr>\n<tr class=\"row-15\">\n\t<td class=\"column-1\">Waim\u0101nalo (KES, KMS &amp; KHS)<\/td><td class=\"column-2\">Shima's Market<br \/>\nWaim\u0101nalo LDS Church<\/td><td class=\"column-3\">6:05am<br \/>\n6:15am<\/td>\n<\/tr>\n<tr class=\"row-16\">\n\t<td class=\"column-1\">Waipahu (KES, KMS &amp; KHS)<\/td><td class=\"column-2\">Kunia Village Park &amp; Ride<\/td><td class=\"column-3\">6:10am<\/td>\n<\/tr>\n<\/tbody>\n<\/table>\n<!-- #tablepress-1 from cache --><\/div><div class=\"pane\"><p><em><strong>*Please Note: students should be standing by and ready to board at the times listed below. If students are not ready to depart the buses will not wait or return for students who have missed their buses.\u00a0 Departure times from school are still pending.<\/strong><br \/>\n<\/em><\/p>\n<p>KES (Gr. K-6), KMS (Gr. 7-8), and KHS (Gr. 9-12)<\/p>\n\n<table id=\"tablepress-2\" class=\"tablepress tablepress-id-2 tablepress-responsive-phone\">\n<thead>\n<tr class=\"row-1\">\n\t<th class=\"column-1\">PM Bus Routes<\/th><th class=\"column-2\">Bus Stop<\/th><th class=\"column-3\">Pick-Up Points<\/th>\n<\/tr>\n<\/thead>\n<tbody class=\"row-striping row-hover\">\n<tr class=\"row-2\">\n\t<td class=\"column-1\">\u02bbEwa (KES, KMS, KHS)<br \/>\n<\/td><td class=\"column-2\">'Ewa Past Queen's West City Bus Stop<br \/>\n'Ewa Zippy's City Bus Stop<br \/>\n'Ewa Past Kolowaka City Bus Stop<br \/>\n'Ewa Foodland City Bus Stop <br \/>\n'Ewa Ocean Pointe Subway<br \/>\n\u02bbEwa Beach Boys and Girls Club <\/td><td class=\"column-3\">K-6 Blacktop<br \/>\n7-8 Keawe Circle<br \/>\n9-12 K\u014dnia<\/td>\n<\/tr>\n<tr class=\"row-3\">\n\t<td class=\"column-1\">Hawai\u02bbi Kai (KES, KMS <br \/>\n &amp; KHS)<br \/>\n<\/td><td class=\"column-2\">Hawai\u02bbi Kai Park &amp; Ride<\/td><td class=\"column-3\">K-6 Blacktop<br \/>\n7-8 Keawe Circle<br \/>\n9-12 K\u014dnia <br \/>\n<br \/>\n<br \/>\n<\/td>\n<\/tr>\n<tr class=\"row-4\">\n\t<td class=\"column-1\">Kailua (KES, KMS. KHS)<br \/>\n<\/td><td class=\"column-2\">Kailua 7-11 City Bus Stop<br \/>\nKailua Rec Center (S. Kainalu Dr)<br \/>\nEnchanted Lakes McDonald's<\/td><td class=\"column-3\">K-6 Blacktop<br \/>\n7-8 Keawe Circle<br \/>\n9-12 K\u014dnia <br \/>\n<br \/>\n<\/td>\n<\/tr>\n<tr class=\"row-5\">\n\t<td class=\"column-1\">K\u0101ne\u02bbohe (KES. KMS &amp; KHS)<br \/>\n<\/td><td class=\"column-2\">Windward Mall Alaloa Street<\/td><td class=\"column-3\">K-6 Blacktop<br \/>\n7-8 Keawe Circle<br \/>\n9-12 K\u014dnia <\/td>\n<\/tr>\n<tr class=\"row-6\">\n\t<td class=\"column-1\">Kapolei  (KES, KMS &amp; KHS)<br \/>\n<\/td><td class=\"column-2\">Villages of Kapolei Rec Center<\/td><td class=\"column-3\">K-6 Blacktop<br \/>\n7-8 Keawe Circle<br \/>\n9-12 K\u014dnia <br \/>\n<\/td>\n<\/tr>\n<tr class=\"row-7\">\n\t<td class=\"column-1\">Makakilo (KES, <br \/>\nKMS &amp; KHS)<\/td><td class=\"column-2\">Makakilo LDS Church<\/td><td class=\"column-3\">K-6 Blacktop<br \/>\n7-8 Keawe Circle<br \/>\n9-12 K\u014dnia <\/td>\n<\/tr>\n<tr class=\"row-8\">\n\t<td class=\"column-1\">Mililani (KES, KMS &amp; KHS)<br \/>\n<\/td><td class=\"column-2\">Mililani Park &amp; Ride<\/td><td class=\"column-3\">K-6 Blacktop<br \/>\n7-8 Keawe Circle<br \/>\n9-12 K\u014dnia <\/td>\n<\/tr>\n<tr class=\"row-9\">\n\t<td class=\"column-1\">N\u0101n\u0101kuli-Princess Kahanu (KES, KMS &amp; KHS)<br \/>\n<\/td><td class=\"column-2\">N\u0101n\u0101kuli Piliokahi &amp; Farrington City Bus Stop<br \/>\nN\u0101n\u0101kuli Haleakal\u0101 Ave &amp; Farrington<br \/>\nN\u0101n\u0101kuli Haleakal\u0101 Ave &amp; Palikea<br \/>\nN\u0101n\u0101kuli Haleakal\u0101 Ave &amp; Mokiawe<br \/>\nN\u0101n\u0101kuli Haleakal\u0101 Ave &amp; N\u0101n\u0101kuli Ave<br \/>\nPrincess Kahanu<br \/>\nM\u0101'ili-Kaukama Rd before Kulauku St<br \/>\nM\u0101\u02bbili Beach Park <\/td><td class=\"column-3\">K-6 Blacktop<br \/>\n7-8 Keawe Circle<br \/>\n9-12 K\u014dnia <\/td>\n<\/tr>\n<tr class=\"row-10\">\n\t<td class=\"column-1\">North Shore (KES, KMS &amp; KMS)<br \/>\n<\/td><td class=\"column-2\">Kahalu\u02bbu Key Project<br \/>\nWaikane Kamaka Place City Bus Stop<br \/>\nKa'a'awa Swanzy Beach Park City Bus Stop<br \/>\nPunalu'u Ching\u02bbs Store<br \/>\nHau\u02bbula Beach Park<br \/>\nHau'ula Masa\u02bbs Store<br \/>\nL\u0101'ie Temple Beach Parking Lot<br \/>\nKahuku Vula Gas Station <br \/>\nSunset Beach Fire Station City Bus Stop <\/td><td class=\"column-3\">K-6 Blacktop<br \/>\n7-8 Keawe Circle<br \/>\n9-12 K\u014dnia <br \/>\n<\/td>\n<\/tr>\n<tr class=\"row-11\">\n\t<td class=\"column-1\">Pearl City  (KES, KMS &amp; KHS)<br \/>\n<\/td><td class=\"column-2\">Waiau District Park Upper Parking Lot <\/td><td class=\"column-3\">K-6 Blacktop<br \/>\n7-8 Keawe Circle<br \/>\n9-12 K\u014dnia <\/td>\n<\/tr>\n<tr class=\"row-12\">\n\t<td class=\"column-1\">Wahiawa-Hale\u02bbiwa  (KES, KMS, KHS)<br \/>\n<\/td><td class=\"column-2\">Wahiawa California Avenue <br \/>\nHale'iwa Beach Park City Bus Stop<br \/>\n<\/td><td class=\"column-3\">K-6 Blacktop<br \/>\n7-8 Keawe Circle<br \/>\n9-12 K\u014dnia <\/td>\n<\/tr>\n<tr class=\"row-13\">\n\t<td class=\"column-1\">Wai\u02bbanae  (KES, KMS &amp; KHS)<br \/>\n<\/td><td class=\"column-2\">Wai\u02bbanae Mall Burger King Parking Lot<\/td><td class=\"column-3\">K-6 Blacktop<br \/>\n7-8 Keawe Circle<br \/>\n9-12 K\u014dnia <\/td>\n<\/tr>\n<tr class=\"row-14\">\n\t<td class=\"column-1\">Waim\u0101nalo (KES, KMS &amp; KHS)<br \/>\n<\/td><td class=\"column-2\">Maunawili City Bus Stop<br \/>\nKailua Across Castle Hospital City Bus Stop<br \/>\nWaim\u0101nalo Feed Store\/7-11<br \/>\nWaim\u0101nalo Inoaole St City Bus Stop<br \/>\nWaim\u0101nalo LDS Church<br \/>\nWaim\u0101nalo End of \u02bbOlu\u02bbolu St<\/td><td class=\"column-3\">K-6 Blacktop<br \/>\n7-8 Keawe Circle<br \/>\n9-12 K\u014dnia <br \/>\n<\/td>\n<\/tr>\n<tr class=\"row-15\">\n\t<td class=\"column-1\">Waipahu (KES, KMS &amp; KHS)<br \/>\n<\/td><td class=\"column-2\">Kunia Village Park &amp; Ride<\/td><td class=\"column-3\">K-6 Blacktop<br \/>\n7-8 Keawe Circle<br \/>\n9-12 K\u014dnia <\/td>\n<\/tr>\n<\/tbody>\n<\/table>\n<!-- #tablepress-2 from cache --><\/div><div class=\"pane\"><p><em><strong>*Please Note: Early Out Wednesday Schedule.\u00a0<\/strong><\/em><\/p>\n<p>KES (Gr. K-6) &amp; KMS (Gr. 7-8) KHS (Gr. 9-12)<\/p>\n\n<table id=\"tablepress-3\" class=\"tablepress tablepress-id-3 tablepress-responsive-phone\">\n<thead>\n<tr class=\"row-1\">\n\t<th class=\"column-1\">Bus Routes<\/th><th class=\"column-2\">AM Bus Stop<\/th><th class=\"column-3\">PM Bus Stop <\/th>\n<\/tr>\n<\/thead>\n<tbody class=\"row-striping row-hover\">\n<tr class=\"row-2\">\n\t<td class=\"column-1\">'Ewa  <\/td><td class=\"column-2\">Ewa Beach Boys &amp; Girls Club<br \/>\nRenton Road<\/td><td class=\"column-3\">'Ewa Queen\u02bbs Hospital Past City Bus Stop<br \/>\n'Ewa Zippy\u02bbs City Bus Stop <br \/>\n'Ewa Past Kolowaka City Bus Stop<br \/>\n'Ewa Foodland City Bus Stop<br \/>\n'Ewa Ocean Pointe Subway<br \/>\n'Ewa Beach Boys &amp; Girls Club <\/td>\n<\/tr>\n<tr class=\"row-3\">\n\t<td class=\"column-1\">Hawai'i Kai <\/td><td class=\"column-2\">Hawai'i Kai Costco<\/td><td class=\"column-3\">Hawai'i Kai Park &amp; Ride<\/td>\n<\/tr>\n<tr class=\"row-4\">\n\t<td class=\"column-1\">Kailua <\/td><td class=\"column-2\">Kailua Rec Center <br \/>\nSeagull School<\/td><td class=\"column-3\">Kailua 7-11 City Bus Stop<br \/>\nKailua Rec Center <br \/>\nEnchanted Lakes McDonald\u02bbs<\/td>\n<\/tr>\n<tr class=\"row-5\">\n\t<td class=\"column-1\">K\u0101ne'ohe <\/td><td class=\"column-2\">Windward Mall Mauka Parking Lot<\/td><td class=\"column-3\">Windward Mall Alaloa Street<\/td>\n<\/tr>\n<tr class=\"row-6\">\n\t<td class=\"column-1\">Kapolei<\/td><td class=\"column-2\">Kapolei Rec Center <\/td><td class=\"column-3\">Villages of Kapolei Rec Center <\/td>\n<\/tr>\n<tr class=\"row-7\">\n\t<td class=\"column-1\">Makakilo <\/td><td class=\"column-2\">Makakilo LDS Church <\/td><td class=\"column-3\">Makakilo LDS Church <\/td>\n<\/tr>\n<tr class=\"row-8\">\n\t<td class=\"column-1\">Mililani <\/td><td class=\"column-2\">Mililani Park &amp; Ride<\/td><td class=\"column-3\">Mililani Park &amp; Ride<\/td>\n<\/tr>\n<tr class=\"row-9\">\n\t<td class=\"column-1\">N\u0101n\u0101kuli\/Princess Kahanu <\/td><td class=\"column-2\">Maili Beach Park<br \/>\nPrincess Kahanu<br \/>\nNanakuli Village Center<br \/>\n<\/td><td class=\"column-3\">N\u0101n\u0101kuli Piliokahi &amp; Farrington City Bus Stop<br \/>\nN\u0101n\u0101kuli Haleakal\u0101 Ave &amp; Palikea <br \/>\nN\u0101n\u0101kuli Haleakal\u0101 Ave &amp; Mokiawe<br \/>\nN\u0101n\u0101kuli Haleakal\u0101 Ave &amp; N\u0101n\u0101kuli Ave<br \/>\nPrincess Kahanu <br \/>\nM\u0101'ili-Kaukama Rd before Ho'okele St<br \/>\nM\u0101'ili-Kulauku St<br \/>\nM\u0101'ili Beach Park <br \/>\n<\/td>\n<\/tr>\n<tr class=\"row-10\">\n\t<td class=\"column-1\">North Shore<\/td><td class=\"column-2\">Pupukea Foodland<br \/>\nKahuku Vula Gas Station<br \/>\nLaie Shopping Center<br \/>\nHau'ula Tamura<br \/>\nKa'a'awa Post Office<br \/>\nKahalu'u Key Project<\/td><td class=\"column-3\">Kahalu'u Key Project<br \/>\nWaikane Kamaka Place City Bus Stop<br \/>\nKa'a'awa Swanzy Beach Park City Bus Stop<br \/>\nPunalu'u Ching\u02bbs Store<br \/>\nHau'ula Beach Park<br \/>\nHau'ula Masa\u02bbs Store <br \/>\nL\u0101'ie Temple Beach Parking Lot<br \/>\nKahuku Vula Gas Station<br \/>\nP\u016bp\u016bkea Sunset Beach Fire Station City Bus Stop<\/td>\n<\/tr>\n<tr class=\"row-11\">\n\t<td class=\"column-1\">Pearl City-Aiea<\/td><td class=\"column-2\">Waiau District Park Upper Parking Lot<\/td><td class=\"column-3\">Waiau District Park Upper Parking Lot<br \/>\n<br \/>\n<\/td>\n<\/tr>\n<tr class=\"row-12\">\n\t<td class=\"column-1\">Wahiawa-Hale'iwa <\/td><td class=\"column-2\">Hale'iwa Malama Market<br \/>\nWahiawa California Ave (Long\u02bbs)<\/td><td class=\"column-3\">Wahiawa California Ave (Long\u02bbs)<br \/>\nHale'iwa Beach Park<\/td>\n<\/tr>\n<tr class=\"row-13\">\n\t<td class=\"column-1\">Wai'anae  <\/td><td class=\"column-2\">Wai'anae Mall <\/td><td class=\"column-3\">Wai'anae Mall <\/td>\n<\/tr>\n<tr class=\"row-14\">\n\t<td class=\"column-1\">Waim\u0101nalo<\/td><td class=\"column-2\">Shima's Market<br \/>\nWaimanalo LDS Church<\/td><td class=\"column-3\">Maunawili City Bus Stop<br \/>\nCastle Hospital City Bus Stop<br \/>\nWaim\u0101nalo Feed Store\/7-11 <br \/>\nWaim\u0101nalo Inoaole St City Bus Stop<br \/>\nWaim\u0101nalo LDS Church<br \/>\nWaim\u0101nalo End of 'Olu'olu<\/td>\n<\/tr>\n<tr class=\"row-15\">\n\t<td class=\"column-1\">Waipahu<\/td><td class=\"column-2\">Kunia Village Park &amp; Ride<\/td><td class=\"column-3\">Kunia Village Park &amp; Ride<br \/>\n<\/td>\n<\/tr>\n<\/tbody>\n<\/table>\n<!-- #tablepress-3 from cache --><\/div><\/div><\/div>\n","protected":false},"excerpt":{"rendered":"","protected":false},"author":37,"featured_media":0,"parent":77,"menu_order":0,"comment_status":"closed","ping_status":"closed","template":"template_fullwidth.php","meta":{"footnotes":""},"class_list":["post-79","page","type-page","status-publish","hentry"],"_links":{"self":[{"href":"https:\/\/blogsites.ksbe.edu\/transportation\/wp-json\/wp\/v2\/pages\/79","targetHints":{"allow":["GET"]}}],"collection":[{"href":"https:\/\/blogsites.ksbe.edu\/transportation\/wp-json\/wp\/v2\/pages"}],"about":[{"href":"https:\/\/blogsites.ksbe.edu\/transportation\/wp-json\/wp\/v2\/types\/page"}],"author":[{"embeddable":true,"href":"https:\/\/blogsites.ksbe.edu\/transportation\/wp-json\/wp\/v2\/users\/37"}],"replies":[{"embeddable":true,"href":"https:\/\/blogsites.ksbe.edu\/transportation\/wp-json\/wp\/v2\/comments?post=79"}],"version-history":[{"count":0,"href":"https:\/\/blogsites.ksbe.edu\/transportation\/wp-json\/wp\/v2\/pages\/79\/revisions"}],"up":[{"embeddable":true,"href":"https:\/\/blogsites.ksbe.edu\/transportation\/wp-json\/wp\/v2\/pages\/77"}],"wp:attachment":[{"href":"https:\/\/blogsites.ksbe.edu\/transportation\/wp-json\/wp\/v2\/media?parent=79"}],"curies":[{"name":"wp","href":"https:\/\/api.w.org\/{rel}","templated":true}]}}