{"id":123,"date":"2015-05-18T14:50:06","date_gmt":"2015-05-19T00:50:06","guid":{"rendered":"https:\/\/blogsites.ksbe.edu\/kapalamatransportation\/?page_id=123"},"modified":"2015-05-26T23:41:37","modified_gmt":"2015-05-27T09:41:37","slug":"service-areas-and-boundaries","status":"publish","type":"page","link":"https:\/\/blogsites.ksbe.edu\/transportation\/commuter-bus-stops-service-areas\/service-areas-and-boundaries\/","title":{"rendered":"Service Areas and Boundaries"},"content":{"rendered":"\r\n\t<div class=\"imgmap-frontend-image\">\r\n\t<div class=\"imgmap-dialog-wrapper\" id=\"imgmap-dialog-108-1\"><\/div>\r\n\t<img decoding=\"async\" src=\"https:\/\/blogsites.ksbe.edu\/transportation\/wp-content\/uploads\/sites\/18\/2015\/07\/Oahu2.jpg\" usemap=\"#imgmap-108-1\" id=\"imagemap-108-1\" \/>\r\n\t<map name=\"imgmap-108-1\"><area data-type=\"popup\" data-tooltip=\"\" data-fill-color=\"fefefe\" data-fill-opacity=\"0.3\" data-stroke-color=\"fefefe\" data-stroke-opacity=\"0.8\" data-stroke-width=\"2\" data-mapkey=\"area-261\" shape=\"poly\" coords=\"416,403,421,379,433,359,469,376,468,405,455,423,430,439\" href=\"#\" title=\"\" \/><area data-type=\"popup\" data-tooltip=\"\" data-fill-color=\"fefefe\" data-fill-opacity=\"0.3\" data-stroke-color=\"fefefe\" data-stroke-opacity=\"0.8\" data-stroke-width=\"2\" data-mapkey=\"area-260\" shape=\"poly\" coords=\"347,398,349,378,366,353,433,344,425,371,415,382,413,404,397,423,389,425\" href=\"#\" title=\"\" \/><area data-type=\"popup\" data-tooltip=\"\" data-fill-color=\"fefefe\" data-fill-opacity=\"0.3\" data-stroke-color=\"fefefe\" data-stroke-opacity=\"0.8\" data-stroke-width=\"2\" data-mapkey=\"area-255\" shape=\"poly\" coords=\"128,179,134,168,228,159,273,112,305,120,265,155,340,215,353,246,338,297,311,301,254,228,208,200,151,192\" href=\"#\" title=\"\" \/><area data-type=\"popup\" data-tooltip=\"\" data-fill-color=\"fefefe\" data-fill-opacity=\"0.3\" data-stroke-color=\"fefefe\" data-stroke-opacity=\"0.8\" data-stroke-width=\"2\" data-mapkey=\"area-254\" shape=\"poly\" coords=\"299,115,272,107,276,83,338,34,385,28,422,64,475,150,543,240,523,261,486,274,407,122,346,85\" href=\"#\" title=\"\" \/><area data-type=\"popup\" data-tooltip=\"\" data-fill-color=\"fefefe\" data-fill-opacity=\"0.3\" data-stroke-color=\"fefefe\" data-stroke-opacity=\"0.8\" data-stroke-width=\"2\" data-mapkey=\"area-252\" shape=\"poly\" coords=\"202,433,247,386,276,393,298,415,301,481,290,496,264,497,212,462\" href=\"#\" title=\"\" \/><area data-type=\"popup\" data-tooltip=\"\" data-fill-color=\"fefefe\" data-fill-opacity=\"0.3\" data-stroke-color=\"fefefe\" data-stroke-opacity=\"0.8\" data-stroke-width=\"2\" data-mapkey=\"area-128\" shape=\"poly\" coords=\"390,465,408,444,436,441,482,393,516,430,539,436,541,448,569,442,568,454,580,469,597,496,688,517,679,536,615,551,594,573,564,572,498,502,467,482,411,494\" href=\"#\" title=\"\" \/><area data-type=\"popup\" data-tooltip=\"\" data-fill-color=\"fefefe\" data-fill-opacity=\"0.3\" data-stroke-color=\"fefefe\" data-stroke-opacity=\"0.8\" data-stroke-width=\"2\" data-mapkey=\"area-122\" shape=\"poly\" coords=\"321,371,323,366,340,385,346,402,363,389,379,402,373,419,358,426,328,432,319,402\" href=\"#\" title=\"\" \/><area data-type=\"\" data-tooltip=\"\" data-fill-color=\"fefefe\" data-fill-opacity=\"0.3\" data-stroke-color=\"fefefe\" data-stroke-opacity=\"0.8\" data-stroke-width=\"2\" data-mapkey=\"area-121\" shape=\"poly\" coords=\"85,281,108,273,122,281,152,298,156,306,142,363,133,364\" href=\"#\" title=\"\" \/><area data-type=\"\" data-tooltip=\"\" data-fill-color=\"fefefe\" data-fill-opacity=\"0.3\" data-stroke-color=\"fefefe\" data-stroke-opacity=\"0.8\" data-stroke-width=\"2\" data-mapkey=\"area-120\" shape=\"poly\" coords=\"674,433,640,464,643,476,680,476,701,487,722,483,693,433\" href=\"#\" title=\"\" \/><area data-type=\"\" data-tooltip=\"\" data-fill-color=\"fefefe\" data-fill-opacity=\"0.3\" data-stroke-color=\"fefefe\" data-stroke-opacity=\"0.8\" data-stroke-width=\"2\" data-mapkey=\"area-116\" shape=\"poly\" coords=\"147,360,195,433,225,389,186,328,177,325\" href=\"#\" title=\"\" \/><area data-type=\"popup\" data-tooltip=\"\" data-fill-color=\"fefefe\" data-fill-opacity=\"0.3\" data-stroke-color=\"fefefe\" data-stroke-opacity=\"0.8\" data-stroke-width=\"2\" data-mapkey=\"area-115\" shape=\"poly\" coords=\"333,303,396,304,350,375,330,376,324,346\" href=\"#\" title=\"\" \/><area data-type=\"\" data-tooltip=\"\" data-fill-color=\"fefefe\" data-fill-opacity=\"0.3\" data-stroke-color=\"fefefe\" data-stroke-opacity=\"0.8\" data-stroke-width=\"2\" data-mapkey=\"area-113\" shape=\"poly\" coords=\"493,260,501,326,536,350,558,395,651,389,669,281,654,269\" href=\"#\" title=\"\" \/><area data-type=\"popup\" data-tooltip=\"\" data-fill-color=\"fefefe\" data-fill-opacity=\"0.3\" data-stroke-color=\"fefefe\" data-stroke-opacity=\"0.8\" data-stroke-width=\"2\" data-mapkey=\"area-112\" shape=\"poly\" coords=\"649,392,635,395,643,412,611,425,626,439,671,437,681,421,672,406\" href=\"#\" title=\"\" \/><area data-type=\"\" data-tooltip=\"\" data-fill-color=\"fefefe\" data-fill-opacity=\"0.3\" data-stroke-color=\"fefefe\" data-stroke-opacity=\"0.8\" data-stroke-width=\"2\" data-mapkey=\"area-111\" shape=\"poly\" coords=\"698,558,716,558,724,540,749,518,740,496,697,496,689,526\" href=\"#\" title=\"\" \/><\/map><div class=\"altlinks-container\"><a class=\"alternative-links-imagemap\" data-key=\"area-261\" data-type=\"popup\" data-parent=\"imgmap-108-1\">Aiea<\/a>, <a class=\"alternative-links-imagemap\" data-key=\"area-260\" data-type=\"popup\" data-parent=\"imgmap-108-1\">Pearl City<\/a>, <a class=\"alternative-links-imagemap\" data-key=\"area-255\" data-type=\"popup\" data-parent=\"imgmap-108-1\">Wahiawa\/Hale\u02bbiwa<\/a>, <a class=\"alternative-links-imagemap\" data-key=\"area-254\" data-type=\"popup\" data-parent=\"imgmap-108-1\">North Shore<\/a>, <a class=\"alternative-links-imagemap\" data-key=\"area-252\" data-type=\"popup\" data-parent=\"imgmap-108-1\">Kapolei<\/a>, <a class=\"alternative-links-imagemap\" data-key=\"area-128\" data-type=\"popup\" data-parent=\"imgmap-108-1\">Honolulu<\/a>, <a class=\"alternative-links-imagemap\" data-key=\"area-122\" data-type=\"popup\" data-parent=\"imgmap-108-1\">Waipahu<\/a>, <a class=\"alternative-links-imagemap\" data-key=\"area-121\" data-type=\"popup\" data-parent=\"imgmap-108-1\">Wai\u02bbanae<\/a>, <a class=\"alternative-links-imagemap\" data-key=\"area-120\" data-type=\"popup\" data-parent=\"imgmap-108-1\">Waim\u0101nalo<\/a>, <a class=\"alternative-links-imagemap\" data-key=\"area-116\" data-type=\"popup\" data-parent=\"imgmap-108-1\">N\u0101n\u0101kuli<\/a>, <a class=\"alternative-links-imagemap\" data-key=\"area-115\" data-type=\"popup\" data-parent=\"imgmap-108-1\">Mililani<\/a>, <a class=\"alternative-links-imagemap\" data-key=\"area-113\" data-type=\"popup\" data-parent=\"imgmap-108-1\">K\u0101ne\u02bbohe<\/a>, <a class=\"alternative-links-imagemap\" data-key=\"area-112\" data-type=\"popup\" data-parent=\"imgmap-108-1\">Kailua<\/a>, <a class=\"alternative-links-imagemap\" data-key=\"area-111\" data-type=\"popup\" data-parent=\"imgmap-108-1\">Hawai\u02bbi Kai<\/a><\/div>\r\n\t<\/div>\n\n<table id=\"tablepress-3\" class=\"tablepress tablepress-id-3 tablepress-responsive-phone\">\n<thead>\n<tr class=\"row-1\">\n\t<th class=\"column-1\">Bus Routes<\/th><th class=\"column-2\">AM Bus Stop<\/th><th class=\"column-3\">PM Bus Stop <\/th>\n<\/tr>\n<\/thead>\n<tbody class=\"row-striping row-hover\">\n<tr class=\"row-2\">\n\t<td class=\"column-1\">'Ewa  <\/td><td class=\"column-2\">Ewa Beach Boys &amp; Girls Club<br \/>\nRenton Road<\/td><td class=\"column-3\">'Ewa Queen\u02bbs Hospital Past City Bus Stop<br \/>\n'Ewa Zippy\u02bbs City Bus Stop <br \/>\n'Ewa Past Kolowaka City Bus Stop<br \/>\n'Ewa Foodland City Bus Stop<br \/>\n'Ewa Ocean Pointe Subway<br \/>\n'Ewa Beach Boys &amp; Girls Club <\/td>\n<\/tr>\n<tr class=\"row-3\">\n\t<td class=\"column-1\">Hawai'i Kai <\/td><td class=\"column-2\">Hawai'i Kai Costco<\/td><td class=\"column-3\">Hawai'i Kai Park &amp; Ride<\/td>\n<\/tr>\n<tr class=\"row-4\">\n\t<td class=\"column-1\">Kailua <\/td><td class=\"column-2\">Kailua Rec Center <br \/>\nSeagull School<\/td><td class=\"column-3\">Kailua 7-11 City Bus Stop<br \/>\nKailua Rec Center <br \/>\nEnchanted Lakes McDonald\u02bbs<\/td>\n<\/tr>\n<tr class=\"row-5\">\n\t<td class=\"column-1\">K\u0101ne'ohe <\/td><td class=\"column-2\">Windward Mall Mauka Parking Lot<\/td><td class=\"column-3\">Windward Mall Alaloa Street<\/td>\n<\/tr>\n<tr class=\"row-6\">\n\t<td class=\"column-1\">Kapolei<\/td><td class=\"column-2\">Kapolei Rec Center <\/td><td class=\"column-3\">Villages of Kapolei Rec Center <\/td>\n<\/tr>\n<tr class=\"row-7\">\n\t<td class=\"column-1\">Makakilo <\/td><td class=\"column-2\">Makakilo LDS Church <\/td><td class=\"column-3\">Makakilo LDS Church <\/td>\n<\/tr>\n<tr class=\"row-8\">\n\t<td class=\"column-1\">Mililani <\/td><td class=\"column-2\">Mililani Park &amp; Ride<\/td><td class=\"column-3\">Mililani Park &amp; Ride<\/td>\n<\/tr>\n<tr class=\"row-9\">\n\t<td class=\"column-1\">N\u0101n\u0101kuli\/Princess Kahanu <\/td><td class=\"column-2\">Maili Beach Park<br \/>\nPrincess Kahanu<br \/>\nNanakuli Village Center<br \/>\n<\/td><td class=\"column-3\">N\u0101n\u0101kuli Piliokahi &amp; Farrington City Bus Stop<br \/>\nN\u0101n\u0101kuli Haleakal\u0101 Ave &amp; Palikea <br \/>\nN\u0101n\u0101kuli Haleakal\u0101 Ave &amp; Mokiawe<br \/>\nN\u0101n\u0101kuli Haleakal\u0101 Ave &amp; N\u0101n\u0101kuli Ave<br \/>\nPrincess Kahanu <br \/>\nM\u0101'ili-Kaukama Rd before Ho'okele St<br \/>\nM\u0101'ili-Kulauku St<br \/>\nM\u0101'ili Beach Park <br \/>\n<\/td>\n<\/tr>\n<tr class=\"row-10\">\n\t<td class=\"column-1\">North Shore<\/td><td class=\"column-2\">Pupukea Foodland<br \/>\nKahuku Vula Gas Station<br \/>\nLaie Shopping Center<br \/>\nHau'ula Tamura<br \/>\nKa'a'awa Post Office<br \/>\nKahalu'u Key Project<\/td><td class=\"column-3\">Kahalu'u Key Project<br \/>\nWaikane Kamaka Place City Bus Stop<br \/>\nKa'a'awa Swanzy Beach Park City Bus Stop<br \/>\nPunalu'u Ching\u02bbs Store<br \/>\nHau'ula Beach Park<br \/>\nHau'ula Masa\u02bbs Store <br \/>\nL\u0101'ie Temple Beach Parking Lot<br \/>\nKahuku Vula Gas Station<br \/>\nP\u016bp\u016bkea Sunset Beach Fire Station City Bus Stop<\/td>\n<\/tr>\n<tr class=\"row-11\">\n\t<td class=\"column-1\">Pearl City-Aiea<\/td><td class=\"column-2\">Waiau District Park Upper Parking Lot<\/td><td class=\"column-3\">Waiau District Park Upper Parking Lot<br \/>\n<br \/>\n<\/td>\n<\/tr>\n<tr class=\"row-12\">\n\t<td class=\"column-1\">Wahiawa-Hale'iwa <\/td><td class=\"column-2\">Hale'iwa Malama Market<br \/>\nWahiawa California Ave (Long\u02bbs)<\/td><td class=\"column-3\">Wahiawa California Ave (Long\u02bbs)<br \/>\nHale'iwa Beach Park<\/td>\n<\/tr>\n<tr class=\"row-13\">\n\t<td class=\"column-1\">Wai'anae  <\/td><td class=\"column-2\">Wai'anae Mall <\/td><td class=\"column-3\">Wai'anae Mall <\/td>\n<\/tr>\n<tr class=\"row-14\">\n\t<td class=\"column-1\">Waim\u0101nalo<\/td><td class=\"column-2\">Shima's Market<br \/>\nWaimanalo LDS Church<\/td><td class=\"column-3\">Maunawili City Bus Stop<br \/>\nCastle Hospital City Bus Stop<br \/>\nWaim\u0101nalo Feed Store\/7-11 <br \/>\nWaim\u0101nalo Inoaole St City Bus Stop<br \/>\nWaim\u0101nalo LDS Church<br \/>\nWaim\u0101nalo End of 'Olu'olu<\/td>\n<\/tr>\n<tr class=\"row-15\">\n\t<td class=\"column-1\">Waipahu<\/td><td class=\"column-2\">Kunia Village Park &amp; Ride<\/td><td class=\"column-3\">Kunia Village Park &amp; Ride<br \/>\n<\/td>\n<\/tr>\n<\/tbody>\n<\/table>\n<!-- #tablepress-3 from cache -->\n","protected":false},"excerpt":{"rendered":"","protected":false},"author":37,"featured_media":0,"parent":77,"menu_order":0,"comment_status":"open","ping_status":"open","template":"template_fullwidth.php","meta":{"footnotes":""},"class_list":["post-123","page","type-page","status-publish","hentry"],"_links":{"self":[{"href":"https:\/\/blogsites.ksbe.edu\/transportation\/wp-json\/wp\/v2\/pages\/123","targetHints":{"allow":["GET"]}}],"collection":[{"href":"https:\/\/blogsites.ksbe.edu\/transportation\/wp-json\/wp\/v2\/pages"}],"about":[{"href":"https:\/\/blogsites.ksbe.edu\/transportation\/wp-json\/wp\/v2\/types\/page"}],"author":[{"embeddable":true,"href":"https:\/\/blogsites.ksbe.edu\/transportation\/wp-json\/wp\/v2\/users\/37"}],"replies":[{"embeddable":true,"href":"https:\/\/blogsites.ksbe.edu\/transportation\/wp-json\/wp\/v2\/comments?post=123"}],"version-history":[{"count":0,"href":"https:\/\/blogsites.ksbe.edu\/transportation\/wp-json\/wp\/v2\/pages\/123\/revisions"}],"up":[{"embeddable":true,"href":"https:\/\/blogsites.ksbe.edu\/transportation\/wp-json\/wp\/v2\/pages\/77"}],"wp:attachment":[{"href":"https:\/\/blogsites.ksbe.edu\/transportation\/wp-json\/wp\/v2\/media?parent=123"}],"curies":[{"name":"wp","href":"https:\/\/api.w.org\/{rel}","templated":true}]}}