{"id":2295,"date":"2020-06-25T10:34:47","date_gmt":"2020-06-25T20:34:47","guid":{"rendered":"https:\/\/blogsites.ksbe.edu\/kpub\/?page_id=2295"},"modified":"2021-08-09T09:40:31","modified_gmt":"2021-08-09T19:40:31","slug":"hulili-volume-2-3-2-2-2-2-2-2-2-2","status":"publish","type":"page","link":"https:\/\/blogsites.ksbe.edu\/kpub\/hulili-volume-11-2\/","title":{"rendered":"H\u016blili &#8211; Volume 11.2"},"content":{"rendered":"<p><div class=\"fusion-fullwidth fullwidth-box fusion-builder-row-1 nonhundred-percent-fullwidth non-hundred-percent-height-scrolling\" style=\"background-color: rgba(255,255,255,0);background-position: center center;background-repeat: no-repeat;padding-top:0px;padding-right:0px;padding-bottom:0px;padding-left:0px;margin-bottom: 0px;margin-top: 0px;border-width: 0px 0px 0px 0px;border-color:#eae9e9;border-style:solid;\" ><div class=\"fusion-builder-row fusion-row\"><div class=\"fusion-layout-column fusion_builder_column fusion-builder-column-0 fusion_builder_column_1_1 1_1 fusion-one-full fusion-column-first fusion-column-last\" style=\"margin-top:0px;margin-bottom:20px;\"><div class=\"fusion-column-wrapper fusion-flex-column-wrapper-legacy\" style=\"background-position:left top;background-repeat:no-repeat;-webkit-background-size:cover;-moz-background-size:cover;-o-background-size:cover;background-size:cover;padding: 0px 0px 0px 0px;\"><div class=\"fusion-sep-clear\"><\/div><div class=\"fusion-separator fusion-no-large-visibility fusion-full-width-sep\" style=\"margin-left: auto;margin-right: auto;margin-top:50px;width:100%;\"><\/div><div class=\"fusion-sep-clear\"><\/div><div class=\"fusion-clearfix\"><\/div><\/div><\/div><div class=\"fusion-layout-column fusion_builder_column fusion-builder-column-1 fusion_builder_column_2_5 2_5 fusion-two-fifth fusion-column-first\" style=\"width:40%;width:calc(40% - ( ( 4% ) * 0.4 ) );margin-right: 4%;margin-top:0px;margin-bottom:20px;\"><div class=\"fusion-column-wrapper fusion-flex-column-wrapper-legacy\" style=\"background-position:left top;background-repeat:no-repeat;-webkit-background-size:cover;-moz-background-size:cover;-o-background-size:cover;background-size:cover;padding: 0px 25px 0px 0px;\"><div class=\"imageframe-align-center\"><span class=\" fusion-imageframe imageframe-none imageframe-1 hover-type-none\"><a class=\"fusion-no-lightbox\" href=\"https:\/\/blogsites.ksbe.edu\/kpub\/hulili\/\" target=\"_self\" aria-label=\"hulili_puke11.2\"><img decoding=\"async\" width=\"418\" height=\"774\" src=\"https:\/\/blogsites.ksbe.edu\/kpub\/wp-content\/uploads\/sites\/38\/2020\/06\/hulili_puke11.2.png\" class=\"img-responsive wp-image-2294\" srcset=\"https:\/\/blogsites.ksbe.edu\/kpub\/wp-content\/uploads\/sites\/38\/2020\/06\/hulili_puke11.2-200x370.png 200w, https:\/\/blogsites.ksbe.edu\/kpub\/wp-content\/uploads\/sites\/38\/2020\/06\/hulili_puke11.2-400x741.png 400w, https:\/\/blogsites.ksbe.edu\/kpub\/wp-content\/uploads\/sites\/38\/2020\/06\/hulili_puke11.2.png 418w\" sizes=\"(max-width: 800px) 100vw, 418px\" \/><\/a><\/span><\/div><div class=\"fusion-sep-clear\"><\/div><div class=\"fusion-separator fusion-full-width-sep\" style=\"margin-left: auto;margin-right: auto;margin-top:40px;margin-bottom:25px;width:100%;\"><div class=\"fusion-separator-border sep-single sep-solid\" style=\"border-color:#c1b2b2;border-top-width:1px;\"><\/div><\/div><div class=\"fusion-sep-clear\"><\/div><div class=\"fusion-text fusion-text-1\" style=\"transform:translate3d(0,0,0);\"><p><em>H\u016blili<\/em> is a multidisciplinary forum for current research that examines the nature, needs, and strengths of K\u0101naka Maoli and Native Hawaiian communities. Through collaboration and critique, <em>H\u016blili<\/em>\u00a0fosters new connections and shared insights to mobilize greater Hawaiian well-being.<\/p>\n<p><em>H\u016blili<\/em> is published by Kamehameha Publishing, a division of Kamehameha Schools.<\/p>\n<\/div><div class=\"fusion-clearfix\"><\/div><\/div><\/div><div class=\"fusion-layout-column fusion_builder_column fusion-builder-column-2 fusion_builder_column_3_5 3_5 fusion-three-fifth fusion-column-last\" style=\"width:60%;width:calc(60% - ( ( 4% ) * 0.6 ) );margin-top:0px;margin-bottom:20px;\"><div class=\"fusion-column-wrapper fusion-flex-column-wrapper-legacy\" style=\"background-position:left top;background-repeat:no-repeat;-webkit-background-size:cover;-moz-background-size:cover;-o-background-size:cover;background-size:cover;padding: 20px 25px 20px 25px;\"><div class=\"fusion-text fusion-text-2\" style=\"transform:translate3d(0,0,0);\"><h2>CURRENT ISSUE<br \/>\nVOLUME 11.2<\/h2>\n<p><a href=\"https:\/\/blogsites.ksbe.edu\/kpub\/wp-content\/uploads\/sites\/38\/2020\/09\/Hulili_Vol11.2_Editor-Kuwada.pdf\">FROM THE EDITOR<\/a><\/p>\n<h3>RESEARCH ARTICLES<\/h3>\n<p><a href=\"https:\/\/blogsites.ksbe.edu\/kpub\/wp-content\/uploads\/sites\/38\/2020\/09\/Hulili_Vol11.2_Perreira.pdf\">No ka Ha\u2018i\u2018\u014dlelo Ku\u2018una: He Ho\u2018\u014dla K\u0101k\u0101\u2018\u014dlelo<br \/>\n<em>Hiapokeikik\u0101ne Kichie Perreira<\/em><\/a><\/p>\n<p><a href=\"https:\/\/blogsites.ksbe.edu\/kpub\/wp-content\/uploads\/sites\/38\/2020\/09\/Hulili_Vol11.2_Kukahiko.pdf\">Helu Hawai\u02bbi: A Critical Ethnomathematics Perspective<br \/>\n<em>E\u014dmaikalani Keonaonalikookalehua Kukahiko<\/em><\/a><\/p>\n<p><a href=\"https:\/\/blogsites.ksbe.edu\/kpub\/wp-content\/uploads\/sites\/38\/2020\/09\/Hulili_Vol11.2_Saffery.pdf\">Welina M\u0101noa: A Hawaiian Language Curriculum That Exposes Acts of Settler Colonial Erasure and Reveals Stories of \u2018\u014ciwi Survivance<br \/>\n<em>Maya L. Kawailanaokeawaiki Saffery<\/em><\/a><\/p>\n<p><a href=\"https:\/\/blogsites.ksbe.edu\/kpub\/wp-content\/uploads\/sites\/38\/2020\/09\/Hulili_Vol11.2_Leite-AhYo.pdf\">E H\u014d\u00a0mai ka \u2018Ike Kupuna no ke Ola: Links between Traditional Native Hawaiian Concepts of Health and Epigenetic Research<br \/>\n<em>Ka\u2018ahukane Leite-Ah Yo, Kekai Avilez, Thomas Hemscheidt, Dana-lynn Ko\u02bbomoa Lange, and Alika Maunakea<\/em><\/a><\/p>\n<p><a href=\"https:\/\/blogsites.ksbe.edu\/kpub\/wp-content\/uploads\/sites\/38\/2020\/09\/Hulili_Vol11.2_Titcomb.pdf\">I Ulu n\u014d ka L\u0101l\u0101 i ke Kumu: A Descriptive Study of Child-Rearing Traditions Recalled by Native Hawaiian Elders<br \/>\n<em>Carol Hi\u02bbilani Titcomb, Adrienne Y. Dillard, and Gregory G. Maskarinec<\/em><\/a><\/p>\n<p><a href=\"https:\/\/blogsites.ksbe.edu\/kpub\/wp-content\/uploads\/sites\/38\/2020\/09\/Hulili_Vol11.2_Swanson.pdf\">A New Estimate of the Hawaiian Population for 1778,\u00a0the Year of First European Contact<br \/>\n<em>David A. Swanson<\/em><\/a><\/p>\n<p><a href=\"https:\/\/blogsites.ksbe.edu\/kpub\/wp-content\/uploads\/sites\/38\/2020\/09\/Hulili_Vol11.2_Akana.pdf\">Hei, Hawaiian String Figures: Spiritual Connections, Learning, and Research<br \/>\n<em>Kalani Akana<\/em><\/a><\/p>\n<h3>KEKUNI BLAISDELL TRIBUTE<\/h3>\n<p><a href=\"https:\/\/blogsites.ksbe.edu\/kpub\/wp-content\/uploads\/sites\/38\/2020\/09\/Hulili_Vol11.2_Kanaiaupuni.pdf\">Introduction<br \/>\n<em>Shawn Malia Kana\u02bbiaupuni<\/em><\/a><\/p>\n<p><a href=\"https:\/\/blogsites.ksbe.edu\/kpub\/wp-content\/uploads\/sites\/38\/2020\/09\/Hulili_Vol11.2_Blaisdell.pdf\">I Hea n\u0101 K\u0101naka Maoli? Whither the Hawaiians?<br \/>\n<em>Kekuni Blaisdell<\/em><\/a><\/p>\n<p><a href=\"https:\/\/blogsites.ksbe.edu\/kpub\/wp-content\/uploads\/sites\/38\/2020\/09\/Hulili_Vol11.2_Osorio.pdf\">Kekuni\u2019s Mark: The Lasting Brand of Kekuni Blaisdell<br \/>\n<em>Jonathan K. Kamakawiwo\u02bbole Osorio<\/em><\/a><\/p>\n<p><a href=\"https:\/\/blogsites.ksbe.edu\/kpub\/wp-content\/uploads\/sites\/38\/2020\/09\/Hulili_Vol11.2_Minton.pdf\">Kekuni<br \/>\n<em>N\u0101lani Minton<\/em><\/a><\/p>\n<p><a href=\"https:\/\/blogsites.ksbe.edu\/kpub\/wp-content\/uploads\/sites\/38\/2020\/09\/Hulili_Vol11.2_Cruz.pdf\">A Man for All Seasons<br \/>\n<em>Lynette Cruz<\/em><\/a><\/p>\n<p><a href=\"https:\/\/blogsites.ksbe.edu\/kpub\/wp-content\/uploads\/sites\/38\/2020\/09\/Hulili_Vol11.2_Goodyear-Kaopua.pdf\">He Mele no Kekuni<br \/>\n<em>Noelani Goodyear-Ka\u2018\u014dpua<\/em><\/a><\/p>\n<p><a href=\"https:\/\/blogsites.ksbe.edu\/kpub\/wp-content\/uploads\/sites\/38\/2020\/09\/Hulili_Vol11.2_Winchester.pdf\">E Mau ke Ea<br \/>\n<em>Imai Winchester<\/em><\/a><\/p>\n<p><a href=\"https:\/\/blogsites.ksbe.edu\/kpub\/wp-content\/uploads\/sites\/38\/2020\/09\/Hulili_Vol11.2_Kajihiro.pdf\">The Music of Rumbling P\u014dhaku<br \/>\n<em>Kyle Kajihiro<\/em><\/a><\/p>\n<p><a href=\"https:\/\/blogsites.ksbe.edu\/kpub\/wp-content\/uploads\/sites\/38\/2020\/09\/Hulili_Vol11.2_Mokuau.pdf\">K\u016b ka \u2018\u014chi\u2018a i ka \u2018A\u2018\u0101\u2014\u2018\u014chi\u2018a That Stands amid the Lava Fields<br \/>\n<em>Noreen Mokuau, Kamana\u02bbopono Crabbe, and Kealoha Fox<\/em><\/a><\/p>\n<\/div><div class=\"fusion-clearfix\"><\/div><\/div><\/div><\/div><\/div><div class=\"fusion-fullwidth fullwidth-box fusion-builder-row-2 nonhundred-percent-fullwidth non-hundred-percent-height-scrolling\" style=\"background-color: #ffffff;background-position: center center;background-repeat: no-repeat;padding-top:50px;padding-right:0px;padding-bottom:50px;padding-left:0px;margin-bottom: 0px;margin-top: 0px;border-width: 0px 0px 0px 0px;border-color:#eae9e9;border-style:solid;\" ><div class=\"fusion-builder-row fusion-row\"><div class=\"fusion-layout-column fusion_builder_column fusion-builder-column-3 fusion_builder_column_1_1 1_1 fusion-one-full fusion-column-first fusion-column-last\" style=\"margin-top:0px;margin-bottom:20px;\"><div class=\"fusion-column-wrapper fusion-flex-column-wrapper-legacy\" style=\"background-position:left top;background-repeat:no-repeat;-webkit-background-size:cover;-moz-background-size:cover;-o-background-size:cover;background-size:cover;padding: 0px 0px 0px 0px;\"><div class=\"fusion-text fusion-text-3\" style=\"transform:translate3d(0,0,0);\"><h2 style=\"text-align: center\">OTHER H\u016aLILI PUBLICATIONS<\/h2>\n<\/div><div class=\"fusion-section-separator section-separator triangle fusion-section-separator-1\"><div class=\"fusion-section-separator-svg\" style=\"border:1px solid #f6f6f6;margin-left: 0px;margin-right: 0px;\"><div class=\"divider-candy both\" style=\"background-color:#f6f6f6;border:1px solid #f6f6f6;\"><\/div><\/div><div class=\"fusion-section-separator-spacer\"><div class=\"fusion-section-separator-spacer-height\" style=\"height:calc( 1px * 2 );\"><\/div><\/div><\/div><div class=\"fusion-clearfix\"><\/div><\/div><\/div><\/div><\/div><div class=\"fusion-fullwidth fullwidth-box fusion-builder-row-3 nonhundred-percent-fullwidth non-hundred-percent-height-scrolling\" style=\"background-color: #ffffff;background-position: center center;background-repeat: no-repeat;padding-top:0px;padding-right:0px;padding-bottom:0px;padding-left:0px;margin-bottom: 0px;margin-top: 0px;border-width: 0px 0px 0px 0px;border-color:#eae9e9;border-style:solid;\" ><div class=\"fusion-builder-row fusion-row\"><div class=\"fusion-layout-column fusion_builder_column fusion-builder-column-4 fusion_builder_column_1_1 1_1 fusion-one-full fusion-column-first fusion-column-last\" style=\"margin-top:0px;margin-bottom:20px;\"><div class=\"fusion-column-wrapper fusion-flex-column-wrapper-legacy\" style=\"background-position:left top;background-repeat:no-repeat;-webkit-background-size:cover;-moz-background-size:cover;-o-background-size:cover;background-size:cover;padding: 0px 0px 0px 0px;\"><div class=\"fusion-image-carousel fusion-image-carousel-auto fusion-carousel-border\"><div class=\"fusion-carousel\" data-autoplay=\"yes\" data-columns=\"6\" data-itemmargin=\"13\" data-itemwidth=\"180\" data-touchscroll=\"no\" data-imagesize=\"auto\"><div class=\"fusion-carousel-positioner\"><ul class=\"fusion-carousel-holder\"><li class=\"fusion-carousel-item\"><div class=\"fusion-carousel-item-wrapper\"><div class=\"fusion-image-wrapper hover-type-none\"><a href=\"https:\/\/blogsites.ksbe.edu\/kpub\/hulili-volume-2\/\" target=\"_self\"><img decoding=\"async\" width=\"125\" height=\"179\" src=\"https:\/\/blogsites.ksbe.edu\/kpub\/wp-content\/uploads\/sites\/38\/2020\/06\/hulili2.jpg\" class=\"attachment-full size-full\" alt=\"\" \/><\/a><\/div><\/div><\/li><li class=\"fusion-carousel-item\"><div class=\"fusion-carousel-item-wrapper\"><div class=\"fusion-image-wrapper hover-type-none\"><a href=\"https:\/\/blogsites.ksbe.edu\/kpub\/hulili-volume-3\/\" target=\"_self\"><img decoding=\"async\" width=\"125\" height=\"179\" src=\"https:\/\/blogsites.ksbe.edu\/kpub\/wp-content\/uploads\/sites\/38\/2020\/06\/hulili3.jpg\" class=\"attachment-full size-full\" alt=\"\" \/><\/a><\/div><\/div><\/li><li class=\"fusion-carousel-item\"><div class=\"fusion-carousel-item-wrapper\"><div class=\"fusion-image-wrapper hover-type-none\"><a href=\"https:\/\/blogsites.ksbe.edu\/kpub\/hulili-volume-4\/\" target=\"_self\"><img decoding=\"async\" width=\"125\" height=\"179\" src=\"https:\/\/blogsites.ksbe.edu\/kpub\/wp-content\/uploads\/sites\/38\/2020\/06\/hulili4.jpg\" class=\"attachment-full size-full\" alt=\"\" \/><\/a><\/div><\/div><\/li><li class=\"fusion-carousel-item\"><div class=\"fusion-carousel-item-wrapper\"><div class=\"fusion-image-wrapper hover-type-none\"><a href=\"https:\/\/blogsites.ksbe.edu\/kpub\/hulili-volume-5\/\" target=\"_self\"><img decoding=\"async\" width=\"125\" height=\"179\" src=\"https:\/\/blogsites.ksbe.edu\/kpub\/wp-content\/uploads\/sites\/38\/2020\/06\/hulili5.jpg\" class=\"attachment-full size-full\" alt=\"\" \/><\/a><\/div><\/div><\/li><li class=\"fusion-carousel-item\"><div class=\"fusion-carousel-item-wrapper\"><div class=\"fusion-image-wrapper hover-type-none\"><a href=\"https:\/\/blogsites.ksbe.edu\/kpub\/hulili-volume-6\/\" target=\"_self\"><img decoding=\"async\" width=\"125\" height=\"179\" src=\"https:\/\/blogsites.ksbe.edu\/kpub\/wp-content\/uploads\/sites\/38\/2020\/06\/hulili6.jpg\" class=\"attachment-full size-full\" alt=\"\" \/><\/a><\/div><\/div><\/li><li class=\"fusion-carousel-item\"><div class=\"fusion-carousel-item-wrapper\"><div class=\"fusion-image-wrapper hover-type-none\"><a href=\"https:\/\/blogsites.ksbe.edu\/kpub\/hulili-volume-7\/\" target=\"_self\"><img decoding=\"async\" width=\"125\" height=\"179\" src=\"https:\/\/blogsites.ksbe.edu\/kpub\/wp-content\/uploads\/sites\/38\/2020\/06\/hulili7.jpg\" class=\"attachment-full size-full\" alt=\"\" \/><\/a><\/div><\/div><\/li><li class=\"fusion-carousel-item\"><div class=\"fusion-carousel-item-wrapper\"><div class=\"fusion-image-wrapper hover-type-none\"><a href=\"https:\/\/blogsites.ksbe.edu\/kpub\/hulili-volume-8\/\" target=\"_self\"><img decoding=\"async\" width=\"125\" height=\"179\" src=\"https:\/\/blogsites.ksbe.edu\/kpub\/wp-content\/uploads\/sites\/38\/2020\/06\/hulili8.jpg\" class=\"attachment-full size-full\" alt=\"\" \/><\/a><\/div><\/div><\/li><li class=\"fusion-carousel-item\"><div class=\"fusion-carousel-item-wrapper\"><div class=\"fusion-image-wrapper hover-type-none\"><a href=\"https:\/\/blogsites.ksbe.edu\/kpub\/hulili-volume-8\/\" target=\"_self\"><img decoding=\"async\" width=\"125\" height=\"179\" src=\"https:\/\/blogsites.ksbe.edu\/kpub\/wp-content\/uploads\/sites\/38\/2020\/06\/hulili9.jpg\" class=\"attachment-full size-full\" alt=\"\" \/><\/a><\/div><\/div><\/li><li class=\"fusion-carousel-item\"><div class=\"fusion-carousel-item-wrapper\"><div class=\"fusion-image-wrapper hover-type-none\"><a href=\"https:\/\/blogsites.ksbe.edu\/kpub\/hulili-volume-10\/\" target=\"_self\"><img decoding=\"async\" width=\"125\" height=\"179\" src=\"https:\/\/blogsites.ksbe.edu\/kpub\/wp-content\/uploads\/sites\/38\/2020\/06\/hulili10.jpg\" class=\"attachment-full size-full\" alt=\"\" \/><\/a><\/div><\/div><\/li><li class=\"fusion-carousel-item\"><div class=\"fusion-carousel-item-wrapper\"><div class=\"fusion-image-wrapper hover-type-none\"><a href=\"https:\/\/blogsites.ksbe.edu\/kpub\/hulili-volume-11-1\/\" target=\"_self\"><img decoding=\"async\" width=\"125\" height=\"179\" src=\"https:\/\/blogsites.ksbe.edu\/kpub\/wp-content\/uploads\/sites\/38\/2020\/06\/hulili11.jpg\" class=\"attachment-full size-full\" alt=\"\" \/><\/a><\/div><\/div><\/li><li class=\"fusion-carousel-item\"><div class=\"fusion-carousel-item-wrapper\"><div class=\"fusion-image-wrapper hover-type-none\"><a href=\"https:\/\/blogsites.ksbe.edu\/kpub\/hulili-volume-1\/\" target=\"_self\"><img decoding=\"async\" width=\"125\" height=\"179\" src=\"https:\/\/blogsites.ksbe.edu\/kpub\/wp-content\/uploads\/sites\/38\/2020\/06\/hulili1.jpg\" class=\"attachment-full size-full\" alt=\"\" \/><\/a><\/div><\/div><\/li><\/ul><div class=\"fusion-carousel-nav\"><span class=\"fusion-nav-prev\"><\/span><span class=\"fusion-nav-next\"><\/span><\/div><\/div><\/div><\/div><div class=\"fusion-clearfix\"><\/div><\/div><\/div><\/div><\/div><\/p>\n","protected":false},"excerpt":{"rendered":"","protected":false},"author":3,"featured_media":0,"parent":0,"menu_order":0,"comment_status":"closed","ping_status":"closed","template":"","meta":{"_exactmetrics_skip_tracking":false,"_exactmetrics_sitenote_active":false,"_exactmetrics_sitenote_note":"","_exactmetrics_sitenote_category":0,"footnotes":""},"class_list":["post-2295","page","type-page","status-publish","hentry"],"_links":{"self":[{"href":"https:\/\/blogsites.ksbe.edu\/kpub\/wp-json\/wp\/v2\/pages\/2295","targetHints":{"allow":["GET"]}}],"collection":[{"href":"https:\/\/blogsites.ksbe.edu\/kpub\/wp-json\/wp\/v2\/pages"}],"about":[{"href":"https:\/\/blogsites.ksbe.edu\/kpub\/wp-json\/wp\/v2\/types\/page"}],"author":[{"embeddable":true,"href":"https:\/\/blogsites.ksbe.edu\/kpub\/wp-json\/wp\/v2\/users\/3"}],"replies":[{"embeddable":true,"href":"https:\/\/blogsites.ksbe.edu\/kpub\/wp-json\/wp\/v2\/comments?post=2295"}],"version-history":[{"count":0,"href":"https:\/\/blogsites.ksbe.edu\/kpub\/wp-json\/wp\/v2\/pages\/2295\/revisions"}],"wp:attachment":[{"href":"https:\/\/blogsites.ksbe.edu\/kpub\/wp-json\/wp\/v2\/media?parent=2295"}],"curies":[{"name":"wp","href":"https:\/\/api.w.org\/{rel}","templated":true}]}}