{"id":2266,"date":"2020-06-25T09:54:02","date_gmt":"2020-06-25T19:54:02","guid":{"rendered":"https:\/\/blogsites.ksbe.edu\/kpub\/?page_id=2266"},"modified":"2021-08-09T10:42:18","modified_gmt":"2021-08-09T20:42:18","slug":"hulili-volume-2","status":"publish","type":"page","link":"https:\/\/blogsites.ksbe.edu\/kpub\/hulili-volume-3\/","title":{"rendered":"H\u016blili &#8211; Volume 3"},"content":{"rendered":"<div class=\"fusion-fullwidth fullwidth-box fusion-builder-row-1 nonhundred-percent-fullwidth non-hundred-percent-height-scrolling\" style=\"background-color: rgba(255,255,255,0);background-position: center center;background-repeat: no-repeat;padding-top:0px;padding-right:0px;padding-bottom:0px;padding-left:0px;margin-bottom: 0px;margin-top: 0px;border-width: 0px 0px 0px 0px;border-color:#eae9e9;border-style:solid;\" ><div class=\"fusion-builder-row fusion-row\"><div class=\"fusion-layout-column fusion_builder_column fusion-builder-column-0 fusion_builder_column_1_1 1_1 fusion-one-full fusion-column-first fusion-column-last\" style=\"margin-top:0px;margin-bottom:20px;\"><div class=\"fusion-column-wrapper fusion-flex-column-wrapper-legacy\" style=\"background-position:left top;background-repeat:no-repeat;-webkit-background-size:cover;-moz-background-size:cover;-o-background-size:cover;background-size:cover;padding: 0px 0px 0px 0px;\"><div class=\"fusion-sep-clear\"><\/div><div class=\"fusion-separator fusion-no-large-visibility fusion-full-width-sep\" style=\"margin-left: auto;margin-right: auto;margin-top:50px;width:100%;\"><\/div><div class=\"fusion-sep-clear\"><\/div><div class=\"fusion-clearfix\"><\/div><\/div><\/div><div class=\"fusion-layout-column fusion_builder_column fusion-builder-column-1 fusion_builder_column_2_5 2_5 fusion-two-fifth fusion-column-first\" style=\"width:40%;width:calc(40% - ( ( 4% ) * 0.4 ) );margin-right: 4%;margin-top:0px;margin-bottom:20px;\"><div class=\"fusion-column-wrapper fusion-flex-column-wrapper-legacy\" style=\"background-position:left top;background-repeat:no-repeat;-webkit-background-size:cover;-moz-background-size:cover;-o-background-size:cover;background-size:cover;padding: 0px 25px 0px 0px;\"><div class=\"imageframe-align-center\"><span class=\" fusion-imageframe imageframe-none imageframe-1 hover-type-none\"><a class=\"fusion-no-lightbox\" href=\"https:\/\/blogsites.ksbe.edu\/kpub\/hulili\/\" target=\"_self\" aria-label=\"hulili_puke3\"><img decoding=\"async\" width=\"418\" height=\"774\" src=\"https:\/\/blogsites.ksbe.edu\/kpub\/wp-content\/uploads\/sites\/38\/2020\/06\/hulili_puke3.png\" class=\"img-responsive wp-image-2271\" srcset=\"https:\/\/blogsites.ksbe.edu\/kpub\/wp-content\/uploads\/sites\/38\/2020\/06\/hulili_puke3-200x370.png 200w, https:\/\/blogsites.ksbe.edu\/kpub\/wp-content\/uploads\/sites\/38\/2020\/06\/hulili_puke3-400x741.png 400w, https:\/\/blogsites.ksbe.edu\/kpub\/wp-content\/uploads\/sites\/38\/2020\/06\/hulili_puke3.png 418w\" sizes=\"(max-width: 800px) 100vw, 418px\" \/><\/a><\/span><\/div><div class=\"fusion-sep-clear\"><\/div><div class=\"fusion-separator fusion-full-width-sep\" style=\"margin-left: auto;margin-right: auto;margin-top:40px;margin-bottom:25px;width:100%;\"><div class=\"fusion-separator-border sep-single sep-solid\" style=\"border-color:#c1b2b2;border-top-width:1px;\"><\/div><\/div><div class=\"fusion-sep-clear\"><\/div><div class=\"fusion-text fusion-text-1\" style=\"transform:translate3d(0,0,0);\"><p><em>H\u016blili<\/em> is a multidisciplinary forum for current research that examines the nature, needs, and strengths of K\u0101naka Maoli and Native Hawaiian communities. Through collaboration and critique, <em>H\u016blili<\/em>\u00a0fosters new connections and shared insights to mobilize greater Hawaiian well-being.<\/p>\n<p><em>H\u016blili<\/em> is published by Kamehameha Publishing, a division of Kamehameha Schools.<\/p>\n<\/div><div class=\"fusion-clearfix\"><\/div><\/div><\/div><div class=\"fusion-layout-column fusion_builder_column fusion-builder-column-2 fusion_builder_column_3_5 3_5 fusion-three-fifth fusion-column-last\" style=\"width:60%;width:calc(60% - ( ( 4% ) * 0.6 ) );margin-top:0px;margin-bottom:20px;\"><div class=\"fusion-column-wrapper fusion-flex-column-wrapper-legacy\" style=\"background-position:left top;background-repeat:no-repeat;-webkit-background-size:cover;-moz-background-size:cover;-o-background-size:cover;background-size:cover;padding: 20px 25px 20px 25px;\"><div class=\"fusion-text fusion-text-2\" style=\"transform:translate3d(0,0,0);\"><h2>VOLUME 3<\/h2>\n<p><a href=\"https:\/\/blogsites.ksbe.edu\/kpub\/wp-content\/uploads\/sites\/38\/2020\/09\/Hulili_Vol3_1.pdf\">FROM THE EDITORS<\/a><\/p>\n<h3>INVITED ESSAYS<\/h3>\n<p><a href=\"https:\/\/blogsites.ksbe.edu\/kpub\/wp-content\/uploads\/sites\/38\/2020\/09\/Hulili_Vol3_2.pdf\">The Hour of Remembering<br \/>\n<em>Elizabeth Kapu\u02bbuwailani Lindsey<\/em><\/a><\/p>\n<p><a href=\"https:\/\/blogsites.ksbe.edu\/kpub\/wp-content\/uploads\/sites\/38\/2020\/09\/Hulili_Vol3_3.pdf\">On Being Hawaiian<br \/>\n<em>Johnathan Osorio<\/em><\/a><\/p>\n<p><a href=\"https:\/\/blogsites.ksbe.edu\/kpub\/wp-content\/uploads\/sites\/38\/2020\/09\/Hulili_Vol3_4.pdf\">Grounding Hawaiian Learners\u2014and Teachers\u2014in Their Indigenous Identity<br \/>\n<em>Monica A. Ka\u02bbimipono Kaiwi<\/em><\/a><\/p>\n<p><a href=\"https:\/\/blogsites.ksbe.edu\/kpub\/wp-content\/uploads\/sites\/38\/2020\/09\/Hulili_Vol3_5.pdf\">Kaupapa M\u0101ori Research and P\u0101keh\u0101 Social Science: Epistemological Tensions in a Study of M\u0101ori Health<br \/>\n<em>Fiona Cram, Tim McCreanor, Linda Tuhiwai Smith, Ray Nairn, and Wayne Johnstone<\/em><\/a><\/p>\n<p><a href=\"https:\/\/blogsites.ksbe.edu\/kpub\/wp-content\/uploads\/sites\/38\/2020\/09\/Hulili_Vol3_6.pdf\">Civil Rights and Wrongs: Understanding Doe v. Kamehameha Schools<br \/>\n<em>Trisha Kehaulani Watson<\/em><\/a><\/p>\n<p><a href=\"https:\/\/blogsites.ksbe.edu\/kpub\/wp-content\/uploads\/sites\/38\/2020\/09\/Hulili_Vol3_7.pdf\">The Roles of Family Obligation and Parenting Practices in Explaining the Well-Being of Native Hawaiian Adolescents Living in Poverty<br \/>\n<em>Barbara D. DeBaryshe, Sylvia Yuen, Lana N. Nakamura, and Ivette Rodriguez Stern<\/em><\/a><\/p>\n<p><a href=\"https:\/\/blogsites.ksbe.edu\/kpub\/wp-content\/uploads\/sites\/38\/2020\/09\/Hulili_Vol3_8.pdf\">The Application of Terror Management Theory to Native Hawaiian Well-Being<br \/>\n<em>A. Ku\u02bbulei Serna<\/em><\/a><\/p>\n<p><a href=\"https:\/\/blogsites.ksbe.edu\/kpub\/wp-content\/uploads\/sites\/38\/2020\/09\/Hulili_Vol3_9.pdf\">\u201cFor the Interest of the Hawaiians Themselves\u201d: Reclaiming the Benefits of Hawaiian-Medium Education<br \/>\n<em>William H. Wilson and Kauanoe Kaman\u0101<\/em><\/a><\/p>\n<p><a href=\"https:\/\/blogsites.ksbe.edu\/kpub\/wp-content\/uploads\/sites\/38\/2020\/09\/Hulili_Vol3_10.pdf\">Makawalu: Standards, Curriculum, and Assessment for Literature through an Indigenous Perspective<br \/>\n<em>Monica A. Ka\u02bbimipono Kaiwi and Walter Kahumoku III<\/em><\/a><\/p>\n<p><a href=\"https:\/\/blogsites.ksbe.edu\/kpub\/wp-content\/uploads\/sites\/38\/2020\/09\/Hulili_Vol3_11.pdf\">M\u0101lama n\u0101 Leo a Ku\u02bbua n\u0101 \u02bb\u014clelo: H\u0101nai-ing a Native Hawaiian Creative Writing Curriculum<br \/>\n<em>Brandy N\u0101lani McDougal<\/em><\/a><\/p>\n<p><a href=\"https:\/\/blogsites.ksbe.edu\/kpub\/wp-content\/uploads\/sites\/38\/2020\/09\/Hulili_Vol3_12.pdf\">Ka Loina K\u0101ne: Changes in Station, Changes in Health<br \/>\n<em>Bud Pomaika\u02bbipu\u02bbuwaih\u0101mama Cook and Lucia Tarallo-Jensen<\/em><\/a><\/p>\n<p><a href=\"https:\/\/blogsites.ksbe.edu\/kpub\/wp-content\/uploads\/sites\/38\/2020\/09\/Hulili_Vol3_13.pdf\">Changing the Culture of Research: An Introduction to the Triangulation of Meaning<br \/>\n<em>Manulani Aluli-Meyer<\/em><\/a><\/p>\n<p><a href=\"https:\/\/blogsites.ksbe.edu\/kpub\/wp-content\/uploads\/sites\/38\/2020\/09\/Hulili_Vol3_14.pdf\">This Land Is My Land: The Role of Place in Native Hawaiian Identity<br \/>\n<em>Shawn Malia Kana\u02bbiaupuni and Nolan Malone<\/em><\/a><\/p>\n<\/div><div class=\"fusion-clearfix\"><\/div><\/div><\/div><\/div><\/div>\n","protected":false},"excerpt":{"rendered":"","protected":false},"author":3,"featured_media":0,"parent":0,"menu_order":0,"comment_status":"closed","ping_status":"closed","template":"","meta":{"_exactmetrics_skip_tracking":false,"_exactmetrics_sitenote_active":false,"_exactmetrics_sitenote_note":"","_exactmetrics_sitenote_category":0,"footnotes":""},"class_list":["post-2266","page","type-page","status-publish","hentry"],"_links":{"self":[{"href":"https:\/\/blogsites.ksbe.edu\/kpub\/wp-json\/wp\/v2\/pages\/2266","targetHints":{"allow":["GET"]}}],"collection":[{"href":"https:\/\/blogsites.ksbe.edu\/kpub\/wp-json\/wp\/v2\/pages"}],"about":[{"href":"https:\/\/blogsites.ksbe.edu\/kpub\/wp-json\/wp\/v2\/types\/page"}],"author":[{"embeddable":true,"href":"https:\/\/blogsites.ksbe.edu\/kpub\/wp-json\/wp\/v2\/users\/3"}],"replies":[{"embeddable":true,"href":"https:\/\/blogsites.ksbe.edu\/kpub\/wp-json\/wp\/v2\/comments?post=2266"}],"version-history":[{"count":0,"href":"https:\/\/blogsites.ksbe.edu\/kpub\/wp-json\/wp\/v2\/pages\/2266\/revisions"}],"wp:attachment":[{"href":"https:\/\/blogsites.ksbe.edu\/kpub\/wp-json\/wp\/v2\/media?parent=2266"}],"curies":[{"name":"wp","href":"https:\/\/api.w.org\/{rel}","templated":true}]}}