{"id":2152,"date":"2020-06-19T14:37:51","date_gmt":"2020-06-20T00:37:51","guid":{"rendered":"https:\/\/blogsites.ksbe.edu\/kpub\/?page_id=2152"},"modified":"2021-08-11T03:54:41","modified_gmt":"2021-08-11T13:54:41","slug":"hulili-volume-1","status":"publish","type":"page","link":"https:\/\/blogsites.ksbe.edu\/kpub\/hulili-volume-1\/","title":{"rendered":"H\u016blili &#8211; Volume 1"},"content":{"rendered":"<p><div class=\"fusion-fullwidth fullwidth-box fusion-builder-row-1 nonhundred-percent-fullwidth non-hundred-percent-height-scrolling\" style=\"background-color: rgba(255,255,255,0);background-position: center center;background-repeat: no-repeat;padding-top:0px;padding-right:0px;padding-bottom:0px;padding-left:0px;margin-bottom: 0px;margin-top: 0px;border-width: 0px 0px 0px 0px;border-color:#eae9e9;border-style:solid;\" ><div class=\"fusion-builder-row fusion-row\"><div class=\"fusion-layout-column fusion_builder_column fusion-builder-column-0 fusion_builder_column_1_1 1_1 fusion-one-full fusion-column-first fusion-column-last\" style=\"margin-top:0px;margin-bottom:20px;\"><div class=\"fusion-column-wrapper fusion-flex-column-wrapper-legacy\" style=\"background-position:left top;background-repeat:no-repeat;-webkit-background-size:cover;-moz-background-size:cover;-o-background-size:cover;background-size:cover;padding: 0px 0px 0px 0px;\"><div class=\"fusion-sep-clear\"><\/div><div class=\"fusion-separator fusion-no-large-visibility fusion-full-width-sep\" style=\"margin-left: auto;margin-right: auto;margin-top:50px;width:100%;\"><\/div><div class=\"fusion-sep-clear\"><\/div><div class=\"fusion-clearfix\"><\/div><\/div><\/div><div class=\"fusion-layout-column fusion_builder_column fusion-builder-column-1 fusion_builder_column_2_5 2_5 fusion-two-fifth fusion-column-first\" style=\"width:40%;width:calc(40% - ( ( 4% ) * 0.4 ) );margin-right: 4%;margin-top:0px;margin-bottom:20px;\"><div class=\"fusion-column-wrapper fusion-flex-column-wrapper-legacy\" style=\"background-position:left top;background-repeat:no-repeat;-webkit-background-size:cover;-moz-background-size:cover;-o-background-size:cover;background-size:cover;padding: 0px 25px 0px 0px;\"><div class=\"imageframe-align-center\"><span class=\" fusion-imageframe imageframe-none imageframe-1 hover-type-none\"><a class=\"fusion-no-lightbox\" href=\"https:\/\/blogsites.ksbe.edu\/kpub\/hulili\/\" target=\"_self\" aria-label=\"hulili_puke1\"><img decoding=\"async\" width=\"417\" height=\"597\" src=\"https:\/\/blogsites.ksbe.edu\/kpub\/wp-content\/uploads\/sites\/38\/2020\/06\/hulili_puke1.png\" class=\"img-responsive wp-image-2269\"\/><\/a><\/span><\/div><div class=\"fusion-sep-clear\"><\/div><div class=\"fusion-separator fusion-full-width-sep\" style=\"margin-left: auto;margin-right: auto;margin-top:40px;margin-bottom:25px;width:100%;\"><div class=\"fusion-separator-border sep-single sep-solid\" style=\"border-color:#c1b2b2;border-top-width:1px;\"><\/div><\/div><div class=\"fusion-sep-clear\"><\/div><div class=\"fusion-text fusion-text-1\" style=\"transform:translate3d(0,0,0);\"><p><em>H\u016blili<\/em> is a multidisciplinary forum for current research that examines the nature, needs, and strengths of K\u0101naka Maoli and Native Hawaiian communities. Through collaboration and critique, <em>H\u016blili<\/em>\u00a0fosters new connections and shared insights to mobilize greater Hawaiian well-being.<\/p>\n<p><em>H\u016blili<\/em> is published by Kamehameha Publishing, a division of Kamehameha Schools.<\/p>\n<\/div><div class=\"fusion-clearfix\"><\/div><\/div><\/div><div class=\"fusion-layout-column fusion_builder_column fusion-builder-column-2 fusion_builder_column_3_5 3_5 fusion-three-fifth fusion-column-last\" style=\"width:60%;width:calc(60% - ( ( 4% ) * 0.6 ) );margin-top:0px;margin-bottom:20px;\"><div class=\"fusion-column-wrapper fusion-flex-column-wrapper-legacy\" style=\"background-position:left top;background-repeat:no-repeat;-webkit-background-size:cover;-moz-background-size:cover;-o-background-size:cover;background-size:cover;padding: 20px 25px 20px 25px;\"><div class=\"fusion-text fusion-text-2\" style=\"transform:translate3d(0,0,0);\"><h2>VOLUME 1<\/h2>\n<p><a href=\"https:\/\/blogsites.ksbe.edu\/kpub\/wp-content\/uploads\/sites\/38\/2020\/09\/Hulili_Vol1_1.pdf\">FROM THE EDITORS<\/a><\/p>\n<h3>FORGING HAWAIIAN SPACES AND PLACE: OUR STORIES OF RESISTENCE, RESILIENCE AND REMOVAL<\/h3>\n<p><a href=\"https:\/\/blogsites.ksbe.edu\/kpub\/wp-content\/uploads\/sites\/38\/2020\/09\/Hulili_Vol1_2.pdf\">The Economy: A Western Tool to Achieve Our Native Goals<br \/>\n<em>Robin Puanani Danner<\/em><\/a><\/p>\n<p><a href=\"https:\/\/blogsites.ksbe.edu\/kpub\/wp-content\/uploads\/sites\/38\/2020\/09\/Hulili_Vol1_3.pdf\">Indigenous Heuristic Action Research: Bridging Western and Indigenous Research Methodologies<br \/>\n<em>K\u016b Kahakalau<\/em><\/a><\/p>\n<p><a href=\"https:\/\/blogsites.ksbe.edu\/kpub\/wp-content\/uploads\/sites\/38\/2020\/09\/Hulili_Vol1_4.pdf\">Where Can We Collectively Be That Is Greater Than Where We Are Now?<\/a><br \/>\n<em><a href=\"http:\/\/kamehamehapublishing.org\/_assets\/publishing\/hulili\/Hulili_Vol1_4.pdf\">Maenette K. P. Benham<\/a><\/em><a href=\"http:\/\/kamehamehapublishing.org\/_assets\/publishing\/hulili\/Hulili_Vol10_ch7_Thompson.pdf\"><br \/>\n<\/a><\/p>\n<h3>FAMILY AND SOCIETY<\/h3>\n<p><a href=\"https:\/\/blogsites.ksbe.edu\/kpub\/wp-content\/uploads\/sites\/38\/2020\/09\/Hulili_Vol1_5.pdf\">Identity and Diversity in Contemporary Hawaiian Families: Ho\u2018i Hou i ka Iwi Kuamo\u2018o<br \/>\n<em>Shawn Malia Kana\u2018iaupuni<\/em><\/a><\/p>\n<p><a href=\"https:\/\/blogsites.ksbe.edu\/kpub\/wp-content\/uploads\/sites\/38\/2020\/09\/Hulili_Vol1_6.pdf\">A Macro Portrait of Hawaiian Families<br \/>\n<em>Ivette Rodriguez Stern, Sylvia Yuen, and Marcia Hartsock<\/em><\/a><\/p>\n<p><a href=\"https:\/\/blogsites.ksbe.edu\/kpub\/wp-content\/uploads\/sites\/38\/2020\/09\/Hulili_Vol1_7.pdf\">Factors Affecting Choice of Kith and Kin Care by Families: Receiving Child-Care Subsidies<br \/>\n<em>Grace F. Fong, Barbara DeBaryshe, Sarah C. W. Yuan, Sylvia Yuen, Rick Caulfield, Mary Ann Nemoto, and Traci Hisatake<\/em><\/a><\/p>\n<h3>EDUCATION<\/h3>\n<p><a href=\"https:\/\/blogsites.ksbe.edu\/kpub\/wp-content\/uploads\/sites\/38\/2020\/09\/Hulili_Vol1_8.pdf\">Issues Central to the Inclusion of Hawaiian Culture in K\u201312 Education<br \/>\n<em>Alice J. Kawakami<\/em><\/a><\/p>\n<p><a href=\"https:\/\/blogsites.ksbe.edu\/kpub\/wp-content\/uploads\/sites\/38\/2020\/09\/Hulili_Vol1_9.pdf\">Best Practices in a Hawaiian Kindergarten: Making a Case for N\u0101 Honua Mauli Ola<br \/>\n<em>Lisa S. Goldsterin and Lilinoe Andrews<\/em><\/a><\/p>\n<p><a href=\"https:\/\/blogsites.ksbe.edu\/kpub\/wp-content\/uploads\/sites\/38\/2020\/09\/Hulili_Vol1_10.pdf\">Modern Hawaiian Migration: Brain Drain or Brain Gain?<br \/>\n<em>Nolan J. Malone<\/em><br \/>\n<\/a><\/p>\n<h3>HEALTH AND ENVIRONMENT<\/h3>\n<p><a href=\"https:\/\/blogsites.ksbe.edu\/kpub\/wp-content\/uploads\/sites\/38\/2020\/09\/Hulili_Vol1_11.pdf\">Hawaiian Children\u2019s Developmental Understanding of Race and Culture<br \/>\n<em>Stephen M. Quintana, Elissa Chun, Salynn Gonsalves, William D. K. Kaeo, and Lahela Lung<\/em><\/a><\/p>\n<p><a href=\"https:\/\/blogsites.ksbe.edu\/kpub\/wp-content\/uploads\/sites\/38\/2020\/09\/Hulili_Vol1_12.pdf\">No ke Ola Pono o ka L\u0101hui Hawai\u2018i: The Protection and Perpetuation of Customary and Traditional Rights as a Source of Well-Being for Native Hawaiians<br \/>\n<em>Paul F. N\u0101hoa Lucas<\/em><\/a><\/p>\n<p><a href=\"https:\/\/blogsites.ksbe.edu\/kpub\/wp-content\/uploads\/sites\/38\/2020\/09\/Hulili_Vol1_13.pdf\">K\u016bkulu i n\u0101 H\u016blili: Building Bridges to the Understanding of Native Hawaiian Mental Health<br \/>\n<em>SooJean Choi-Misailidis and C. Malina Kaulukukui<\/em><\/a><\/p>\n<p><a href=\"https:\/\/blogsites.ksbe.edu\/kpub\/wp-content\/uploads\/sites\/38\/2020\/09\/Hulili_Vol1_14.pdf\">The Breakdown of the Kapu System and Its Effect on Native Hawaiian Health and Diet<br \/>\n<em>\u2018Iwalani R. N. Else<\/em><\/a><\/p>\n<\/div><div class=\"fusion-clearfix\"><\/div><\/div><\/div><\/div><\/div><div class=\"fusion-fullwidth fullwidth-box fusion-builder-row-2 nonhundred-percent-fullwidth non-hundred-percent-height-scrolling\" style=\"background-color: #ffffff;background-position: center center;background-repeat: no-repeat;padding-top:50px;padding-right:0px;padding-bottom:50px;padding-left:0px;margin-bottom: 0px;margin-top: 0px;border-width: 0px 0px 0px 0px;border-color:#eae9e9;border-style:solid;\" ><div class=\"fusion-builder-row fusion-row\"><div class=\"fusion-layout-column fusion_builder_column fusion-builder-column-3 fusion_builder_column_1_1 1_1 fusion-one-full fusion-column-first fusion-column-last\" style=\"margin-top:0px;margin-bottom:20px;\"><div class=\"fusion-column-wrapper fusion-flex-column-wrapper-legacy\" style=\"background-position:left top;background-repeat:no-repeat;-webkit-background-size:cover;-moz-background-size:cover;-o-background-size:cover;background-size:cover;padding: 0px 0px 0px 0px;\"><div class=\"fusion-text fusion-text-3\" style=\"transform:translate3d(0,0,0);\"><h2 style=\"text-align: center\">OTHER H\u016aLILI PUBLICATIONS<\/h2>\n<\/div><div class=\"fusion-section-separator section-separator triangle fusion-section-separator-1\"><div class=\"fusion-section-separator-svg\" style=\"border:1px solid #f6f6f6;margin-left: 0px;margin-right: 0px;\"><div class=\"divider-candy both\" style=\"background-color:#f6f6f6;border:1px solid #f6f6f6;\"><\/div><\/div><div class=\"fusion-section-separator-spacer\"><div class=\"fusion-section-separator-spacer-height\" style=\"height:calc( 1px * 2 );\"><\/div><\/div><\/div><div class=\"fusion-clearfix\"><\/div><\/div><\/div><\/div><\/div><div class=\"fusion-fullwidth fullwidth-box fusion-builder-row-3 nonhundred-percent-fullwidth non-hundred-percent-height-scrolling\" style=\"background-color: #ffffff;background-position: center center;background-repeat: no-repeat;padding-top:0px;padding-right:0px;padding-bottom:0px;padding-left:0px;margin-bottom: 0px;margin-top: 0px;border-width: 0px 0px 0px 0px;border-color:#eae9e9;border-style:solid;\" ><div class=\"fusion-builder-row fusion-row\"><div class=\"fusion-layout-column fusion_builder_column fusion-builder-column-4 fusion_builder_column_1_1 1_1 fusion-one-full fusion-column-first fusion-column-last\" style=\"margin-top:0px;margin-bottom:20px;\"><div class=\"fusion-column-wrapper fusion-flex-column-wrapper-legacy\" style=\"background-position:left top;background-repeat:no-repeat;-webkit-background-size:cover;-moz-background-size:cover;-o-background-size:cover;background-size:cover;padding: 0px 0px 0px 0px;\"><div class=\"fusion-image-carousel fusion-image-carousel-auto fusion-carousel-border\"><div class=\"fusion-carousel\" data-autoplay=\"yes\" data-columns=\"6\" data-itemmargin=\"13\" data-itemwidth=\"180\" data-touchscroll=\"no\" data-imagesize=\"auto\"><div class=\"fusion-carousel-positioner\"><ul class=\"fusion-carousel-holder\"><li class=\"fusion-carousel-item\"><div class=\"fusion-carousel-item-wrapper\"><div class=\"fusion-image-wrapper hover-type-none\"><a href=\"https:\/\/blogsites.ksbe.edu\/kpub\/hulili-volume-2\/\" target=\"_self\"><img decoding=\"async\" width=\"125\" height=\"179\" src=\"https:\/\/blogsites.ksbe.edu\/kpub\/wp-content\/uploads\/sites\/38\/2020\/06\/hulili2.jpg\" class=\"attachment-full size-full\" alt=\"\" \/><\/a><\/div><\/div><\/li><li class=\"fusion-carousel-item\"><div class=\"fusion-carousel-item-wrapper\"><div class=\"fusion-image-wrapper hover-type-none\"><a href=\"https:\/\/blogsites.ksbe.edu\/kpub\/hulili-volume-3\/\" target=\"_self\"><img decoding=\"async\" width=\"125\" height=\"179\" src=\"https:\/\/blogsites.ksbe.edu\/kpub\/wp-content\/uploads\/sites\/38\/2020\/06\/hulili3.jpg\" class=\"attachment-full size-full\" alt=\"\" \/><\/a><\/div><\/div><\/li><li class=\"fusion-carousel-item\"><div class=\"fusion-carousel-item-wrapper\"><div class=\"fusion-image-wrapper hover-type-none\"><a href=\"https:\/\/blogsites.ksbe.edu\/kpub\/hulili-volume-4\/\" target=\"_self\"><img decoding=\"async\" width=\"125\" height=\"179\" src=\"https:\/\/blogsites.ksbe.edu\/kpub\/wp-content\/uploads\/sites\/38\/2020\/06\/hulili4.jpg\" class=\"attachment-full size-full\" alt=\"\" \/><\/a><\/div><\/div><\/li><li class=\"fusion-carousel-item\"><div class=\"fusion-carousel-item-wrapper\"><div class=\"fusion-image-wrapper hover-type-none\"><a href=\"https:\/\/blogsites.ksbe.edu\/kpub\/hulili-volume-5\/\" target=\"_self\"><img decoding=\"async\" width=\"125\" height=\"179\" src=\"https:\/\/blogsites.ksbe.edu\/kpub\/wp-content\/uploads\/sites\/38\/2020\/06\/hulili5.jpg\" class=\"attachment-full size-full\" alt=\"\" \/><\/a><\/div><\/div><\/li><li class=\"fusion-carousel-item\"><div class=\"fusion-carousel-item-wrapper\"><div class=\"fusion-image-wrapper hover-type-none\"><a href=\"https:\/\/blogsites.ksbe.edu\/kpub\/hulili-volume-6\/\" target=\"_self\"><img decoding=\"async\" width=\"125\" height=\"179\" src=\"https:\/\/blogsites.ksbe.edu\/kpub\/wp-content\/uploads\/sites\/38\/2020\/06\/hulili6.jpg\" class=\"attachment-full size-full\" alt=\"\" \/><\/a><\/div><\/div><\/li><li class=\"fusion-carousel-item\"><div class=\"fusion-carousel-item-wrapper\"><div class=\"fusion-image-wrapper hover-type-none\"><a href=\"https:\/\/blogsites.ksbe.edu\/kpub\/hulili-volume-7\/\" target=\"_self\"><img decoding=\"async\" width=\"125\" height=\"179\" src=\"https:\/\/blogsites.ksbe.edu\/kpub\/wp-content\/uploads\/sites\/38\/2020\/06\/hulili7.jpg\" class=\"attachment-full size-full\" alt=\"\" \/><\/a><\/div><\/div><\/li><li class=\"fusion-carousel-item\"><div class=\"fusion-carousel-item-wrapper\"><div class=\"fusion-image-wrapper hover-type-none\"><a href=\"https:\/\/blogsites.ksbe.edu\/kpub\/hulili-volume-8\/\" target=\"_self\"><img decoding=\"async\" width=\"125\" height=\"179\" src=\"https:\/\/blogsites.ksbe.edu\/kpub\/wp-content\/uploads\/sites\/38\/2020\/06\/hulili8.jpg\" class=\"attachment-full size-full\" alt=\"\" \/><\/a><\/div><\/div><\/li><li class=\"fusion-carousel-item\"><div class=\"fusion-carousel-item-wrapper\"><div class=\"fusion-image-wrapper hover-type-none\"><a href=\"https:\/\/blogsites.ksbe.edu\/kpub\/hulili-volume-8\/\" target=\"_self\"><img decoding=\"async\" width=\"125\" height=\"179\" src=\"https:\/\/blogsites.ksbe.edu\/kpub\/wp-content\/uploads\/sites\/38\/2020\/06\/hulili9.jpg\" class=\"attachment-full size-full\" alt=\"\" \/><\/a><\/div><\/div><\/li><li class=\"fusion-carousel-item\"><div class=\"fusion-carousel-item-wrapper\"><div class=\"fusion-image-wrapper hover-type-none\"><a href=\"https:\/\/blogsites.ksbe.edu\/kpub\/hulili-volume-10\/\" target=\"_self\"><img decoding=\"async\" width=\"125\" height=\"179\" src=\"https:\/\/blogsites.ksbe.edu\/kpub\/wp-content\/uploads\/sites\/38\/2020\/06\/hulili10.jpg\" class=\"attachment-full size-full\" alt=\"\" \/><\/a><\/div><\/div><\/li><li class=\"fusion-carousel-item\"><div class=\"fusion-carousel-item-wrapper\"><div class=\"fusion-image-wrapper hover-type-none\"><a href=\"https:\/\/blogsites.ksbe.edu\/kpub\/hulili-volume-11-1\/\" target=\"_self\"><img decoding=\"async\" width=\"125\" height=\"179\" src=\"https:\/\/blogsites.ksbe.edu\/kpub\/wp-content\/uploads\/sites\/38\/2020\/06\/hulili11.jpg\" class=\"attachment-full size-full\" alt=\"\" \/><\/a><\/div><\/div><\/li><li class=\"fusion-carousel-item\"><div class=\"fusion-carousel-item-wrapper\"><div class=\"fusion-image-wrapper hover-type-none\"><a href=\"https:\/\/blogsites.ksbe.edu\/kpub\/hulili-volume-11-2\/\" target=\"_self\"><img decoding=\"async\" width=\"125\" height=\"179\" src=\"https:\/\/blogsites.ksbe.edu\/kpub\/wp-content\/uploads\/sites\/38\/2020\/06\/hulili11_2.jpg\" class=\"attachment-full size-full\" alt=\"\" \/><\/a><\/div><\/div><\/li><\/ul><div class=\"fusion-carousel-nav\"><span class=\"fusion-nav-prev\"><\/span><span class=\"fusion-nav-next\"><\/span><\/div><\/div><\/div><\/div><div class=\"fusion-clearfix\"><\/div><\/div><\/div><\/div><\/div><\/p>\n","protected":false},"excerpt":{"rendered":"","protected":false},"author":3,"featured_media":0,"parent":0,"menu_order":0,"comment_status":"closed","ping_status":"closed","template":"","meta":{"_exactmetrics_skip_tracking":false,"_exactmetrics_sitenote_active":false,"_exactmetrics_sitenote_note":"","_exactmetrics_sitenote_category":0,"footnotes":""},"class_list":["post-2152","page","type-page","status-publish","hentry"],"_links":{"self":[{"href":"https:\/\/blogsites.ksbe.edu\/kpub\/wp-json\/wp\/v2\/pages\/2152","targetHints":{"allow":["GET"]}}],"collection":[{"href":"https:\/\/blogsites.ksbe.edu\/kpub\/wp-json\/wp\/v2\/pages"}],"about":[{"href":"https:\/\/blogsites.ksbe.edu\/kpub\/wp-json\/wp\/v2\/types\/page"}],"author":[{"embeddable":true,"href":"https:\/\/blogsites.ksbe.edu\/kpub\/wp-json\/wp\/v2\/users\/3"}],"replies":[{"embeddable":true,"href":"https:\/\/blogsites.ksbe.edu\/kpub\/wp-json\/wp\/v2\/comments?post=2152"}],"version-history":[{"count":0,"href":"https:\/\/blogsites.ksbe.edu\/kpub\/wp-json\/wp\/v2\/pages\/2152\/revisions"}],"wp:attachment":[{"href":"https:\/\/blogsites.ksbe.edu\/kpub\/wp-json\/wp\/v2\/media?parent=2152"}],"curies":[{"name":"wp","href":"https:\/\/api.w.org\/{rel}","templated":true}]}}