{"id":2101,"date":"2020-06-19T10:38:39","date_gmt":"2020-06-19T20:38:39","guid":{"rendered":"https:\/\/blogsites.ksbe.edu\/kpub\/?page_id=2101"},"modified":"2021-07-01T00:02:45","modified_gmt":"2021-07-01T10:02:45","slug":"pahana-%ca%bbaina-lupalupa-haw","status":"publish","type":"page","link":"https:\/\/blogsites.ksbe.edu\/kpub\/pal-haw","title":{"rendered":"P\u0101hana \u02bb\u0100ina Lupalupa \u2013 Haw"},"content":{"rendered":"<p><div class=\"fusion-fullwidth fullwidth-box fusion-builder-row-1 nonhundred-percent-fullwidth non-hundred-percent-height-scrolling\" style=\"background-color: #ffffff;background-position: center center;background-repeat: no-repeat;padding-top:0px;padding-right:0px;padding-bottom:0px;padding-left:0px;margin-bottom: 0px;margin-top: 0px;border-width: 0px 0px 0px 0px;border-color:#eae9e9;border-style:solid;\" ><div class=\"fusion-builder-row fusion-row\"><div class=\"fusion-layout-column fusion_builder_column fusion-builder-column-0 fusion_builder_column_1_1 1_1 fusion-one-full fusion-column-first fusion-column-last\" style=\"margin-top:0px;margin-bottom:20px;\"><div class=\"fusion-column-wrapper fusion-flex-column-wrapper-legacy\" style=\"background-position:left top;background-repeat:no-repeat;-webkit-background-size:cover;-moz-background-size:cover;-o-background-size:cover;background-size:cover;padding: 0px 0px 0px 0px;\"><div class=\"fusion-text fusion-text-1\" style=\"transform:translate3d(0,0,0);\"><p style=\"text-align: center;\">HAWAIIAN\u00a0 \u00a0 \u00a0|\u00a0 \u00a0 \u00a0<a href=\"https:\/\/blogsites.ksbe.edu\/kpub\/pal-eng\">ENGLISH<\/a><\/p>\n<\/div><div class=\"fusion-text fusion-text-2\" style=\"transform:translate3d(0,0,0);\"><h3 style=\"text-align: center;\">E\u00a0<strong>MAKAHI\u02bbO<\/strong>\u00a0i n\u0101 kaiapuni Hawai\u02bbi<br \/>\na me ko l\u0101kou mau meaola kupaianaha.<br \/>\nE\u00a0<strong>A\u02bbO<\/strong>\u00a0i ka \u02bbike Hawai\u02bbi.<br \/>\nE\u00a0<strong>KAUN\u0100N\u0100<\/strong>\u00a0i n\u0101 hana e m\u0101lama ai i ka honua.<\/h3>\n<\/div><div class=\"fusion-clearfix\"><\/div><\/div><\/div><\/div><\/div><div class=\"fusion-fullwidth fullwidth-box fusion-builder-row-2 nonhundred-percent-fullwidth non-hundred-percent-height-scrolling\" style=\"background-color: #ffffff;background-position: center center;background-repeat: no-repeat;padding-top:0px;padding-right:0px;padding-bottom:0px;padding-left:0px;margin-bottom: 0px;margin-top: 0px;border-width: 0px 0px 0px 0px;border-color:#eae9e9;border-style:solid;\" ><div class=\"fusion-builder-row fusion-row\"><div class=\"fusion-layout-column fusion_builder_column fusion-builder-column-1 fusion_builder_column_1_6 1_6 fusion-one-sixth fusion-column-first\" style=\"width:16.6666666667%;width:calc(16.6666666667% - ( ( 4% + 4% ) * 0.166666666667 ) );margin-right: 4%;margin-top:0px;margin-bottom:20px;\"><div class=\"fusion-column-wrapper fusion-flex-column-wrapper-legacy\" style=\"background-position:left top;background-repeat:no-repeat;-webkit-background-size:cover;-moz-background-size:cover;-o-background-size:cover;background-size:cover;padding: 0px 0px 0px 0px;\"><div class=\"fusion-clearfix\"><\/div><\/div><\/div><div class=\"fusion-layout-column fusion_builder_column fusion-builder-column-2 fusion_builder_column_2_3 2_3 fusion-two-third\" style=\"width:66.6666666667%;width:calc(66.6666666667% - ( ( 4% + 4% ) * 0.666666666667 ) );margin-right: 4%;margin-top:0px;margin-bottom:20px;\"><div class=\"fusion-column-wrapper fusion-flex-column-wrapper-legacy\" style=\"background-position:left top;background-repeat:no-repeat;-webkit-background-size:cover;-moz-background-size:cover;-o-background-size:cover;background-size:cover;padding: 0px 0px 0px 0px;\"><div class=\"fusion-text fusion-text-3\" style=\"transform:translate3d(0,0,0);\"><p>He p\u016bka\u02bbina puke \u02bbepekema Hawai\u02bbi \u02bbo P\u0101hana \u02bb\u0100ina Lupalupa (PAL) n\u0101na e ho\u02bbom\u0101ka\u02bbika\u02bbi i n\u0101 mea heluhelu ma kekahi huaka\u02bbi \u02bbimi na\u02bbauao i n\u0101 kaiapuni like \u02bbole o Hawai\u02bbi. Mai n\u0101 nahele o uka e k\u0101kua ana i ka noe a hiki i ke kai uluwehiwehi, e p\u0101 ana k\u0113l\u0101 kihi, k\u0113ia kihi i ka mea heluhelu. E launa ana k\u0101u keiki me ka pu\u02bbu koa, ka p\u0101o\u02bbo, ka wiliwili, a ia meaola \u02bb\u0101pa\u02bbakuma aku, ia meaola \u02bb\u0101pa\u02bbakuma aku. No Hawai\u02bbi pae \u02bb\u0101ina wale n\u014d l\u0101kou; \u02bba\u02bbole loa\u02bba ma kekahi \u02bb\u0101ina a puni ka honua. E hia\u02bbai ana ka mana\u02bbo o ka \u02bbimi loa i n\u0101 ki\u02bbi lua\u02bbehu a me n\u0101 \u02bb\u014dlelo piha \u02bbike. E pa\u02bba ke kahua \u02bbike Hawai\u02bbi o ka mea heluhelu ma ka \u02bb\u014dlelo a me ka mo\u02bbomeheu Hawai\u02bbi.<\/p>\n<\/div><div class=\"fusion-clearfix\"><\/div><\/div><\/div><div class=\"fusion-layout-column fusion_builder_column fusion-builder-column-3 fusion_builder_column_1_6 1_6 fusion-one-sixth fusion-column-last\" style=\"width:16.6666666667%;width:calc(16.6666666667% - ( ( 4% + 4% ) * 0.166666666667 ) );margin-top:0px;margin-bottom:20px;\"><div class=\"fusion-column-wrapper fusion-flex-column-wrapper-legacy\" style=\"background-position:left top;background-repeat:no-repeat;-webkit-background-size:cover;-moz-background-size:cover;-o-background-size:cover;background-size:cover;padding: 0px 0px 0px 0px;\"><div class=\"fusion-clearfix\"><\/div><\/div><\/div><\/div><\/div><div class=\"fusion-fullwidth fullwidth-box fusion-builder-row-3 nonhundred-percent-fullwidth non-hundred-percent-height-scrolling\" style=\"background-color: #ffffff;background-position: center center;background-repeat: no-repeat;padding-top:0px;padding-right:0px;padding-bottom:0px;padding-left:0px;margin-bottom: 0px;margin-top: 0px;border-width: 0px 0px 0px 0px;border-color:#eae9e9;border-style:solid;\" ><div class=\"fusion-builder-row fusion-row\"><div class=\"fusion-layout-column fusion_builder_column fusion-builder-column-4 fusion_builder_column_1_1 1_1 fusion-one-full fusion-column-first fusion-column-last\" style=\"margin-top:0px;margin-bottom:20px;\"><div class=\"fusion-column-wrapper fusion-flex-column-wrapper-legacy\" style=\"background-position:left top;background-repeat:no-repeat;-webkit-background-size:cover;-moz-background-size:cover;-o-background-size:cover;background-size:cover;padding: 0px 0px 0px 0px;\"><div class=\"fusion-image-carousel fusion-image-carousel-auto fusion-carousel-border\"><div class=\"fusion-carousel\" data-autoplay=\"yes\" data-columns=\"1\" data-itemmargin=\"13\" data-itemwidth=\"180\" data-touchscroll=\"no\" data-imagesize=\"auto\"><div class=\"fusion-carousel-positioner\"><ul class=\"fusion-carousel-holder\"><li class=\"fusion-carousel-item\"><div class=\"fusion-carousel-item-wrapper\"><div class=\"fusion-image-wrapper hover-type-none\"><img decoding=\"async\" width=\"960\" height=\"354\" src=\"https:\/\/blogsites.ksbe.edu\/kpub\/wp-content\/uploads\/sites\/38\/2020\/06\/kaheka-banner.png\" class=\"attachment-full size-full\" alt=\"\" srcset=\"https:\/\/blogsites.ksbe.edu\/kpub\/wp-content\/uploads\/sites\/38\/2020\/06\/kaheka-banner-200x74.png 200w, https:\/\/blogsites.ksbe.edu\/kpub\/wp-content\/uploads\/sites\/38\/2020\/06\/kaheka-banner-300x111.png 300w, https:\/\/blogsites.ksbe.edu\/kpub\/wp-content\/uploads\/sites\/38\/2020\/06\/kaheka-banner-400x148.png 400w, https:\/\/blogsites.ksbe.edu\/kpub\/wp-content\/uploads\/sites\/38\/2020\/06\/kaheka-banner-600x221.png 600w, https:\/\/blogsites.ksbe.edu\/kpub\/wp-content\/uploads\/sites\/38\/2020\/06\/kaheka-banner-700x258.png 700w, https:\/\/blogsites.ksbe.edu\/kpub\/wp-content\/uploads\/sites\/38\/2020\/06\/kaheka-banner-768x283.png 768w, https:\/\/blogsites.ksbe.edu\/kpub\/wp-content\/uploads\/sites\/38\/2020\/06\/kaheka-banner-800x295.png 800w, https:\/\/blogsites.ksbe.edu\/kpub\/wp-content\/uploads\/sites\/38\/2020\/06\/kaheka-banner.png 960w\" sizes=\"(max-width: 960px) 100vw, 960px\" \/><\/div><\/div><\/li><li class=\"fusion-carousel-item\"><div class=\"fusion-carousel-item-wrapper\"><div class=\"fusion-image-wrapper hover-type-none\"><img decoding=\"async\" width=\"960\" height=\"354\" src=\"https:\/\/blogsites.ksbe.edu\/kpub\/wp-content\/uploads\/sites\/38\/2020\/06\/lokoia-banner.png\" class=\"attachment-full size-full\" alt=\"\" srcset=\"https:\/\/blogsites.ksbe.edu\/kpub\/wp-content\/uploads\/sites\/38\/2020\/06\/lokoia-banner-200x74.png 200w, https:\/\/blogsites.ksbe.edu\/kpub\/wp-content\/uploads\/sites\/38\/2020\/06\/lokoia-banner-300x111.png 300w, https:\/\/blogsites.ksbe.edu\/kpub\/wp-content\/uploads\/sites\/38\/2020\/06\/lokoia-banner-400x148.png 400w, https:\/\/blogsites.ksbe.edu\/kpub\/wp-content\/uploads\/sites\/38\/2020\/06\/lokoia-banner-600x221.png 600w, https:\/\/blogsites.ksbe.edu\/kpub\/wp-content\/uploads\/sites\/38\/2020\/06\/lokoia-banner-700x258.png 700w, https:\/\/blogsites.ksbe.edu\/kpub\/wp-content\/uploads\/sites\/38\/2020\/06\/lokoia-banner-768x283.png 768w, https:\/\/blogsites.ksbe.edu\/kpub\/wp-content\/uploads\/sites\/38\/2020\/06\/lokoia-banner-800x295.png 800w, https:\/\/blogsites.ksbe.edu\/kpub\/wp-content\/uploads\/sites\/38\/2020\/06\/lokoia-banner.png 960w\" sizes=\"(max-width: 960px) 100vw, 960px\" \/><\/div><\/div><\/li><li class=\"fusion-carousel-item\"><div class=\"fusion-carousel-item-wrapper\"><div class=\"fusion-image-wrapper hover-type-none\"><img decoding=\"async\" width=\"960\" height=\"354\" src=\"https:\/\/blogsites.ksbe.edu\/kpub\/wp-content\/uploads\/sites\/38\/2020\/06\/kaianoho-banner.png\" class=\"attachment-full size-full\" alt=\"\" srcset=\"https:\/\/blogsites.ksbe.edu\/kpub\/wp-content\/uploads\/sites\/38\/2020\/06\/kaianoho-banner-200x74.png 200w, https:\/\/blogsites.ksbe.edu\/kpub\/wp-content\/uploads\/sites\/38\/2020\/06\/kaianoho-banner-300x111.png 300w, https:\/\/blogsites.ksbe.edu\/kpub\/wp-content\/uploads\/sites\/38\/2020\/06\/kaianoho-banner-400x148.png 400w, https:\/\/blogsites.ksbe.edu\/kpub\/wp-content\/uploads\/sites\/38\/2020\/06\/kaianoho-banner-600x221.png 600w, https:\/\/blogsites.ksbe.edu\/kpub\/wp-content\/uploads\/sites\/38\/2020\/06\/kaianoho-banner-700x258.png 700w, https:\/\/blogsites.ksbe.edu\/kpub\/wp-content\/uploads\/sites\/38\/2020\/06\/kaianoho-banner-768x283.png 768w, https:\/\/blogsites.ksbe.edu\/kpub\/wp-content\/uploads\/sites\/38\/2020\/06\/kaianoho-banner-800x295.png 800w, https:\/\/blogsites.ksbe.edu\/kpub\/wp-content\/uploads\/sites\/38\/2020\/06\/kaianoho-banner.png 960w\" sizes=\"(max-width: 960px) 100vw, 960px\" \/><\/div><\/div><\/li><li class=\"fusion-carousel-item\"><div class=\"fusion-carousel-item-wrapper\"><div class=\"fusion-image-wrapper hover-type-none\"><img decoding=\"async\" width=\"960\" height=\"354\" src=\"https:\/\/blogsites.ksbe.edu\/kpub\/wp-content\/uploads\/sites\/38\/2020\/06\/kaiaola-banner.png\" class=\"attachment-full size-full\" alt=\"\" srcset=\"https:\/\/blogsites.ksbe.edu\/kpub\/wp-content\/uploads\/sites\/38\/2020\/06\/kaiaola-banner-200x74.png 200w, https:\/\/blogsites.ksbe.edu\/kpub\/wp-content\/uploads\/sites\/38\/2020\/06\/kaiaola-banner-300x111.png 300w, https:\/\/blogsites.ksbe.edu\/kpub\/wp-content\/uploads\/sites\/38\/2020\/06\/kaiaola-banner-400x148.png 400w, https:\/\/blogsites.ksbe.edu\/kpub\/wp-content\/uploads\/sites\/38\/2020\/06\/kaiaola-banner-600x221.png 600w, https:\/\/blogsites.ksbe.edu\/kpub\/wp-content\/uploads\/sites\/38\/2020\/06\/kaiaola-banner-700x258.png 700w, https:\/\/blogsites.ksbe.edu\/kpub\/wp-content\/uploads\/sites\/38\/2020\/06\/kaiaola-banner-768x283.png 768w, https:\/\/blogsites.ksbe.edu\/kpub\/wp-content\/uploads\/sites\/38\/2020\/06\/kaiaola-banner-800x295.png 800w, https:\/\/blogsites.ksbe.edu\/kpub\/wp-content\/uploads\/sites\/38\/2020\/06\/kaiaola-banner.png 960w\" sizes=\"(max-width: 960px) 100vw, 960px\" \/><\/div><\/div><\/li><\/ul><div class=\"fusion-carousel-nav\"><span class=\"fusion-nav-prev\"><\/span><span class=\"fusion-nav-next\"><\/span><\/div><\/div><\/div><\/div><div class=\"fusion-clearfix\"><\/div><\/div><\/div><\/div><\/div><div class=\"fusion-fullwidth fullwidth-box fusion-builder-row-4 nonhundred-percent-fullwidth non-hundred-percent-height-scrolling\" style=\"background-color: #ffffff;background-position: center center;background-repeat: no-repeat;padding-top:0px;padding-right:0px;padding-bottom:0px;padding-left:0px;margin-bottom: 0px;margin-top: 0px;border-width: 0px 0px 0px 0px;border-color:#eae9e9;border-style:solid;\" ><div class=\"fusion-builder-row fusion-row\"><div class=\"fusion-layout-column fusion_builder_column fusion-builder-column-5 fusion_builder_column_1_6 1_6 fusion-one-sixth fusion-column-first\" style=\"width:16.6666666667%;width:calc(16.6666666667% - ( ( 4% + 4% ) * 0.166666666667 ) );margin-right: 4%;margin-top:0px;margin-bottom:20px;\"><div class=\"fusion-column-wrapper fusion-flex-column-wrapper-legacy\" style=\"background-position:left top;background-repeat:no-repeat;-webkit-background-size:cover;-moz-background-size:cover;-o-background-size:cover;background-size:cover;padding: 0px 0px 0px 0px;\"><div class=\"fusion-clearfix\"><\/div><\/div><\/div><div class=\"fusion-layout-column fusion_builder_column fusion-builder-column-6 fusion_builder_column_2_3 2_3 fusion-two-third\" style=\"width:66.6666666667%;width:calc(66.6666666667% - ( ( 4% + 4% ) * 0.666666666667 ) );margin-right: 4%;margin-top:0px;margin-bottom:20px;\"><div class=\"fusion-column-wrapper fusion-flex-column-wrapper-legacy\" style=\"background-position:left top;background-repeat:no-repeat;-webkit-background-size:cover;-moz-background-size:cover;-o-background-size:cover;background-size:cover;padding: 0px 0px 0px 0px;\"><div class=\"fusion-text fusion-text-4\" style=\"transform:translate3d(0,0,0);\"><div class=\"left column\">\n<p>He hoa hele kahi\u00a0Puke \u02bbIke Kahua \u02bbEpekema\u00a0no k\u0113l\u0101 me k\u0113ia \u02bbope puke e ho\u02bboh\u0101likelike ai i ka heluhelu maika\u02bbi \u02bbana; e n\u0101n\u0101 p\u016b ka makua me ke keiki, ke kumu me ka haum\u0101na i ka mana\u02bbo \u02bbepekema a mana\u02bbo Hawai\u02bbi nui o loko o ka \u02bbope; e no\u02bbono\u02bbo a e k\u016bk\u0101k\u016bk\u0101 i n\u0101 n\u012bnau ko\u02bbiko\u02bbi; e a\u02bbo mua i ka \u02bbike pohihihi e \u02bbike hou \u02bbia ana ma n\u0101 puke pae heluhelu; a e a\u02bbo i kekahi \u02bbike Hawai\u02bbi hou aku.<\/p>\n<\/div>\n<div class=\"right column\">\u02bb\u0100wili \u02bbia ma PAL ka \u02bb\u014dlelo Hawai\u02bbi, ka mo\u02bbomeheu Hawai\u02bbi, a me ka \u02bbike Hawai\u02bbi me ka m\u0101kau heluhelu a me n\u0101 mana\u02bbo \u02bbepekema e k\u016b ana i ke ana ho\u02bboh\u0101like o ke kaumoku\u2018\u0101ina. Ma ka \u02bb\u014dlelo Hawai\u02bbi i haku \u02bbia ai n\u0101 puke; ma hope ka unuhi \u02bbia ma ka \u02bb\u014dlelo Pelek\u0101nia. Ua haku \u02bbia ho\u02bbi na n\u0101 lima no\u02bbeau o n\u0101 kumu kula Hawai\u02bbi, n\u0101 laekahi a\u02bbo heluhelu, a me n\u0101 laekahi ho\u02bbomohala ha\u02bbawina \u02bb\u014dlelo Hawai\u02bbi, me ke a\u02bboa\u02bbo p\u016b a n\u0101 akeakamai a me n\u0101 loea \u02bbike ma\u02bbi\u02bbo.<\/div>\n<\/div><div class=\"fusion-clearfix\"><\/div><\/div><\/div><div class=\"fusion-layout-column fusion_builder_column fusion-builder-column-7 fusion_builder_column_1_6 1_6 fusion-one-sixth fusion-column-last\" style=\"width:16.6666666667%;width:calc(16.6666666667% - ( ( 4% + 4% ) * 0.166666666667 ) );margin-top:0px;margin-bottom:20px;\"><div class=\"fusion-column-wrapper fusion-flex-column-wrapper-legacy\" style=\"background-position:left top;background-repeat:no-repeat;-webkit-background-size:cover;-moz-background-size:cover;-o-background-size:cover;background-size:cover;padding: 0px 0px 0px 0px;\"><div class=\"fusion-clearfix\"><\/div><\/div><\/div><\/div><\/div><div class=\"fusion-fullwidth fullwidth-box fusion-builder-row-5 nonhundred-percent-fullwidth non-hundred-percent-height-scrolling\" style=\"background-color: #ffffff;background-position: center center;background-repeat: no-repeat;padding-top:0px;padding-right:0px;padding-bottom:0px;padding-left:0px;margin-bottom: 0px;margin-top: 50px;border-width: 0px 0px 0px 0px;border-color:#eae9e9;border-style:solid;\" ><div class=\"fusion-builder-row fusion-row\"><div class=\"fusion-layout-column fusion_builder_column fusion-builder-column-8 fusion_builder_column_1_2 1_2 fusion-one-half fusion-column-first\" style=\"width:50%;width:calc(50% - ( ( 4% ) * 0.5 ) );margin-right: 4%;margin-top:0px;margin-bottom:20px;\"><div class=\"fusion-column-wrapper fusion-flex-column-wrapper-legacy\" style=\"background-position:left top;background-repeat:no-repeat;-webkit-background-size:cover;-moz-background-size:cover;-o-background-size:cover;background-size:cover;padding: 0px 0px 0px 0px;\"><span class=\" fusion-imageframe imageframe-none imageframe-1 hover-type-none\" style=\"margin-left:25px;float:right;width:100%;max-width:300px;\"><a class=\"fusion-no-lightbox\" href=\"https:\/\/blogsites.ksbe.edu\/kpub\/pal-products-haw\/\" target=\"_self\" aria-label=\"button_kuai\"><img decoding=\"async\" width=\"600\" height=\"260\" src=\"https:\/\/blogsites.ksbe.edu\/kpub\/wp-content\/uploads\/sites\/38\/2020\/06\/button_kuai.png\" class=\"img-responsive wp-image-2105\" srcset=\"https:\/\/blogsites.ksbe.edu\/kpub\/wp-content\/uploads\/sites\/38\/2020\/06\/button_kuai-200x87.png 200w, https:\/\/blogsites.ksbe.edu\/kpub\/wp-content\/uploads\/sites\/38\/2020\/06\/button_kuai-400x173.png 400w, https:\/\/blogsites.ksbe.edu\/kpub\/wp-content\/uploads\/sites\/38\/2020\/06\/button_kuai.png 600w\" sizes=\"(max-width: 800px) 100vw, 600px\" \/><\/a><\/span><div class=\"fusion-clearfix\"><\/div><\/div><\/div><div class=\"fusion-layout-column fusion_builder_column fusion-builder-column-9 fusion_builder_column_1_2 1_2 fusion-one-half fusion-column-last\" style=\"width:50%;width:calc(50% - ( ( 4% ) * 0.5 ) );margin-top:0px;margin-bottom:20px;\"><div class=\"fusion-column-wrapper fusion-flex-column-wrapper-legacy\" style=\"background-position:left top;background-repeat:no-repeat;-webkit-background-size:cover;-moz-background-size:cover;-o-background-size:cover;background-size:cover;padding: 0px 0px 0px 0px;\"><span class=\" fusion-imageframe imageframe-none imageframe-2 hover-type-none\" style=\"margin-right:25px;float:left;width:100%;max-width:300px;\"><a class=\"fusion-no-lightbox\" href=\"https:\/\/sites.google.com\/ksbe.edu\/pahana\/home\" target=\"_blank\" aria-label=\"button_makua\" rel=\"noopener noreferrer\"><img decoding=\"async\" width=\"600\" height=\"260\" src=\"https:\/\/blogsites.ksbe.edu\/kpub\/wp-content\/uploads\/sites\/38\/2020\/06\/button_makua.png\" class=\"img-responsive wp-image-2104\" srcset=\"https:\/\/blogsites.ksbe.edu\/kpub\/wp-content\/uploads\/sites\/38\/2020\/06\/button_makua-200x87.png 200w, https:\/\/blogsites.ksbe.edu\/kpub\/wp-content\/uploads\/sites\/38\/2020\/06\/button_makua-400x173.png 400w, https:\/\/blogsites.ksbe.edu\/kpub\/wp-content\/uploads\/sites\/38\/2020\/06\/button_makua.png 600w\" sizes=\"(max-width: 800px) 100vw, 600px\" \/><\/a><\/span><div class=\"fusion-clearfix\"><\/div><\/div><\/div><div class=\"fusion-layout-column fusion_builder_column fusion-builder-column-10 fusion_builder_column_1_1 1_1 fusion-one-full fusion-column-first fusion-column-last\" style=\"margin-top:0px;margin-bottom:20px;\"><div class=\"fusion-column-wrapper fusion-flex-column-wrapper-legacy\" style=\"background-position:left top;background-repeat:no-repeat;-webkit-background-size:cover;-moz-background-size:cover;-o-background-size:cover;background-size:cover;padding: 0px 0px 0px 0px;\"><div class=\"fusion-sep-clear\"><\/div><div class=\"fusion-separator fusion-full-width-sep\" style=\"margin-left: auto;margin-right: auto;margin-top:50px;margin-bottom:25px;width:100%;\"><div class=\"fusion-separator-border sep-single sep-solid\" style=\"border-color:#e0dede;border-top-width:1px;\"><\/div><\/div><div class=\"fusion-sep-clear\"><\/div><div class=\"fusion-clearfix\"><\/div><\/div><\/div><\/div><\/div><div class=\"fusion-fullwidth fullwidth-box fusion-builder-row-6 nonhundred-percent-fullwidth non-hundred-percent-height-scrolling\" style=\"background-color: #ffffff;background-position: center center;background-repeat: no-repeat;padding-top:0px;padding-right:0px;padding-bottom:0px;padding-left:0px;margin-bottom: 0px;margin-top: 0px;border-width: 0px 0px 0px 0px;border-color:#eae9e9;border-style:solid;\" ><div class=\"fusion-builder-row fusion-row\"><div class=\"fusion-layout-column fusion_builder_column fusion-builder-column-11 fusion_builder_column_1_3 1_3 fusion-one-third fusion-column-first\" style=\"width:33.3333333333%;width:calc(33.3333333333% - ( ( 4% + 4% ) * 0.333333333333 ) );margin-right: 4%;margin-top:0px;margin-bottom:20px;\"><div class=\"fusion-column-wrapper fusion-flex-column-wrapper-legacy\" style=\"background-position:left top;background-repeat:no-repeat;-webkit-background-size:cover;-moz-background-size:cover;-o-background-size:cover;background-size:cover;padding: 0px 0px 0px 0px;\"><span class=\" fusion-imageframe imageframe-none imageframe-3 hover-type-none\" style=\"margin-left:25px;float:right;width:100%;max-width:150px;\"><img decoding=\"async\" width=\"152\" height=\"175\" title=\"kpub_logo\" src=\"https:\/\/blogsites.ksbe.edu\/kpub\/wp-content\/uploads\/sites\/38\/2020\/06\/kpub_logo.png\" class=\"img-responsive wp-image-2099\"\/><\/span><div class=\"fusion-clearfix\"><\/div><\/div><\/div><div class=\"fusion-layout-column fusion_builder_column fusion-builder-column-12 fusion_builder_column_1_3 1_3 fusion-one-third\" style=\"width:33.3333333333%;width:calc(33.3333333333% - ( ( 4% + 4% ) * 0.333333333333 ) );margin-right: 4%;margin-top:0px;margin-bottom:20px;\"><div class=\"fusion-column-wrapper fusion-flex-column-wrapper-legacy\" style=\"background-position:left top;background-repeat:no-repeat;-webkit-background-size:cover;-moz-background-size:cover;-o-background-size:cover;background-size:cover;padding: 0px 0px 0px 0px;\"><div class=\"imageframe-align-center\"><span class=\" fusion-imageframe imageframe-none imageframe-4 hover-type-none\" style=\"width:100%;max-width:300px;\"><img decoding=\"async\" width=\"2444\" height=\"1680\" title=\"Pahana-BLACK_final\" src=\"https:\/\/blogsites.ksbe.edu\/kpub\/wp-content\/uploads\/sites\/38\/2021\/06\/Pahana-BLACK_final.jpg\" class=\"img-responsive wp-image-3496\" srcset=\"https:\/\/blogsites.ksbe.edu\/kpub\/wp-content\/uploads\/sites\/38\/2021\/06\/Pahana-BLACK_final-200x137.jpg 200w, https:\/\/blogsites.ksbe.edu\/kpub\/wp-content\/uploads\/sites\/38\/2021\/06\/Pahana-BLACK_final-400x275.jpg 400w, https:\/\/blogsites.ksbe.edu\/kpub\/wp-content\/uploads\/sites\/38\/2021\/06\/Pahana-BLACK_final-600x412.jpg 600w, https:\/\/blogsites.ksbe.edu\/kpub\/wp-content\/uploads\/sites\/38\/2021\/06\/Pahana-BLACK_final-800x550.jpg 800w, https:\/\/blogsites.ksbe.edu\/kpub\/wp-content\/uploads\/sites\/38\/2021\/06\/Pahana-BLACK_final-1200x825.jpg 1200w, https:\/\/blogsites.ksbe.edu\/kpub\/wp-content\/uploads\/sites\/38\/2021\/06\/Pahana-BLACK_final.jpg 2444w\" sizes=\"(max-width: 800px) 100vw, 400px\" \/><\/span><\/div><div class=\"fusion-clearfix\"><\/div><\/div><\/div><div class=\"fusion-layout-column fusion_builder_column fusion-builder-column-13 fusion_builder_column_1_3 1_3 fusion-one-third fusion-column-last fusion-column-inner-bg-wrapper\" style=\"width:33.3333333333%;width:calc(33.3333333333% - ( ( 4% + 4% ) * 0.333333333333 ) );margin-top:0px;margin-bottom:20px;\"><div class=\"fusion-column-wrapper fusion-flex-column-wrapper-legacy\" style=\"padding: 0px 0px 0px 0px;\"><span class=\" fusion-imageframe imageframe-none imageframe-5 hover-type-none\" style=\"margin-right:25px;float:left;width:100%;max-width:150px;\"><img decoding=\"async\" width=\"152\" height=\"175\" title=\"halekuamoo\" src=\"https:\/\/blogsites.ksbe.edu\/kpub\/wp-content\/uploads\/sites\/38\/2020\/06\/halekuamoo.png\" class=\"img-responsive wp-image-2100\"\/><\/span><div class=\"fusion-clearfix\"><\/div><\/div><span class=\"fusion-column-inner-bg hover-type-none\"><a href=\"http:\/\/www.olelo.hawaii.edu\/khuok\/\" rel=\"noopener noreferrer\" target=\"_blank\"><span class=\"fusion-column-inner-bg-image\" style=\"background-position:left top;background-repeat:no-repeat;-webkit-background-size:cover;-moz-background-size:cover;-o-background-size:cover;background-size:cover;\"><\/span><\/a><\/span><\/div><\/div><\/div><\/p>\n","protected":false},"excerpt":{"rendered":"","protected":false},"author":3,"featured_media":0,"parent":0,"menu_order":0,"comment_status":"closed","ping_status":"closed","template":"","meta":{"_exactmetrics_skip_tracking":false,"_exactmetrics_sitenote_active":false,"_exactmetrics_sitenote_note":"","_exactmetrics_sitenote_category":0,"footnotes":""},"class_list":["post-2101","page","type-page","status-publish","hentry"],"_links":{"self":[{"href":"https:\/\/blogsites.ksbe.edu\/kpub\/wp-json\/wp\/v2\/pages\/2101","targetHints":{"allow":["GET"]}}],"collection":[{"href":"https:\/\/blogsites.ksbe.edu\/kpub\/wp-json\/wp\/v2\/pages"}],"about":[{"href":"https:\/\/blogsites.ksbe.edu\/kpub\/wp-json\/wp\/v2\/types\/page"}],"author":[{"embeddable":true,"href":"https:\/\/blogsites.ksbe.edu\/kpub\/wp-json\/wp\/v2\/users\/3"}],"replies":[{"embeddable":true,"href":"https:\/\/blogsites.ksbe.edu\/kpub\/wp-json\/wp\/v2\/comments?post=2101"}],"version-history":[{"count":0,"href":"https:\/\/blogsites.ksbe.edu\/kpub\/wp-json\/wp\/v2\/pages\/2101\/revisions"}],"wp:attachment":[{"href":"https:\/\/blogsites.ksbe.edu\/kpub\/wp-json\/wp\/v2\/media?parent=2101"}],"curies":[{"name":"wp","href":"https:\/\/api.w.org\/{rel}","templated":true}]}}