{"id":2084,"date":"2020-06-19T09:47:24","date_gmt":"2020-06-19T19:47:24","guid":{"rendered":"https:\/\/blogsites.ksbe.edu\/kpub\/?page_id=2084"},"modified":"2021-10-09T10:33:04","modified_gmt":"2021-10-09T20:33:04","slug":"hanau-ka-ua","status":"publish","type":"page","link":"https:\/\/blogsites.ksbe.edu\/kpub\/hanau-ka-ua\/","title":{"rendered":"H\u0101nau Ka Ua"},"content":{"rendered":"<div class=\"fusion-fullwidth fullwidth-box fusion-builder-row-1 nonhundred-percent-fullwidth non-hundred-percent-height-scrolling\" style=\"background-color: #ffffff;background-position: center center;background-repeat: no-repeat;padding-top:0px;padding-right:0px;padding-bottom:0px;padding-left:0px;margin-bottom: 0px;margin-top: 0px;border-width: 0px 0px 0px 0px;border-color:#eae9e9;border-style:solid;\" ><div class=\"fusion-builder-row fusion-row\"><div class=\"fusion-layout-column fusion_builder_column fusion-builder-column-0 fusion_builder_column_1_2 1_2 fusion-one-half fusion-column-first\" style=\"width:50%;width:calc(50% - ( ( 4% ) * 0.5 ) );margin-right: 4%;margin-top:0px;margin-bottom:20px;\"><div class=\"fusion-column-wrapper fusion-flex-column-wrapper-legacy\" style=\"background-position:left top;background-repeat:no-repeat;-webkit-background-size:cover;-moz-background-size:cover;-o-background-size:cover;background-size:cover;padding: 0px 0px 0px 0px;\"><span class=\" fusion-imageframe imageframe-none imageframe-1 hover-type-none\"><img decoding=\"async\" width=\"731\" height=\"1024\" title=\"hanaukaua_cover\" src=\"https:\/\/blogsites.ksbe.edu\/kpub\/wp-content\/uploads\/sites\/38\/2020\/06\/hanaukaua_cover-731x1024.png\" class=\"img-responsive wp-image-2085\" srcset=\"https:\/\/blogsites.ksbe.edu\/kpub\/wp-content\/uploads\/sites\/38\/2020\/06\/hanaukaua_cover-200x280.png 200w, https:\/\/blogsites.ksbe.edu\/kpub\/wp-content\/uploads\/sites\/38\/2020\/06\/hanaukaua_cover-400x560.png 400w, https:\/\/blogsites.ksbe.edu\/kpub\/wp-content\/uploads\/sites\/38\/2020\/06\/hanaukaua_cover-600x840.png 600w, https:\/\/blogsites.ksbe.edu\/kpub\/wp-content\/uploads\/sites\/38\/2020\/06\/hanaukaua_cover.png 750w\" sizes=\"(max-width: 800px) 100vw, 731px\" \/><\/span><div class=\"fusion-sep-clear\"><\/div><div class=\"fusion-separator fusion-full-width-sep\" style=\"margin-left: auto;margin-right: auto;margin-top:25px;margin-bottom:25px;width:100%;\"><\/div><div class=\"fusion-sep-clear\"><\/div><div class=\"imageframe-align-center\"><span class=\" fusion-imageframe imageframe-none imageframe-2 hover-type-none\" style=\"width:100%;max-width:400px;\"><a class=\"fusion-no-lightbox\" href=\"https:\/\/blogsites.ksbe.edu\/kpub\/artist-feature-collette-leimomi-akana-with-kiele-gonzalez\/\" target=\"_self\" aria-label=\"momi_kiele\"><img decoding=\"async\" width=\"915\" height=\"1024\" src=\"https:\/\/blogsites.ksbe.edu\/kpub\/wp-content\/uploads\/sites\/38\/2019\/06\/momi_kiele-915x1024.jpg\" class=\"img-responsive wp-image-1916\" srcset=\"https:\/\/blogsites.ksbe.edu\/kpub\/wp-content\/uploads\/sites\/38\/2019\/06\/momi_kiele-200x224.jpg 200w, https:\/\/blogsites.ksbe.edu\/kpub\/wp-content\/uploads\/sites\/38\/2019\/06\/momi_kiele-400x448.jpg 400w, https:\/\/blogsites.ksbe.edu\/kpub\/wp-content\/uploads\/sites\/38\/2019\/06\/momi_kiele-600x672.jpg 600w, https:\/\/blogsites.ksbe.edu\/kpub\/wp-content\/uploads\/sites\/38\/2019\/06\/momi_kiele-800x896.jpg 800w, https:\/\/blogsites.ksbe.edu\/kpub\/wp-content\/uploads\/sites\/38\/2019\/06\/momi_kiele.jpg 988w\" sizes=\"(max-width: 800px) 100vw, 600px\" \/><\/a><\/span><\/div><div class=\"fusion-text fusion-text-1\" style=\"transform:translate3d(0,0,0);\"><h3 style=\"text-align: center\">Collette Leimomi Akana<br \/>\nwith Kiele Gonzalez<\/h3>\n<\/div><div class=\"fusion-clearfix\"><\/div><\/div><\/div><div class=\"fusion-layout-column fusion_builder_column fusion-builder-column-1 fusion_builder_column_1_2 1_2 fusion-one-half fusion-column-last\" style=\"width:50%;width:calc(50% - ( ( 4% ) * 0.5 ) );margin-top:0px;margin-bottom:20px;\"><div class=\"fusion-column-wrapper fusion-flex-column-wrapper-legacy\" style=\"background-position:left top;background-repeat:no-repeat;-webkit-background-size:cover;-moz-background-size:cover;-o-background-size:cover;background-size:cover;padding: 50px 0px 0px 0px;\"><div class=\"fusion-column-content-centered\"><div class=\"fusion-column-content\"><iframe width=\"560\" height=\"315\" src=\"https:\/\/www.youtube.com\/embed\/TVsrqh8byjQ\" frameborder=\"0\" allow=\"accelerometer; autoplay; encrypted-media; gyroscope; picture-in-picture\" allowfullscreen><\/iframe><div class=\"fusion-sep-clear\"><\/div><div class=\"fusion-separator fusion-full-width-sep\" style=\"margin-left: auto;margin-right: auto;margin-top:25px;margin-bottom:25px;width:100%;\"><\/div><div class=\"fusion-sep-clear\"><\/div><div class=\"fusion-text fusion-text-2\" style=\"transform:translate3d(0,0,0);\"><p>Rain names are a precious legacy from our k\u016bpuna who were keen observers of the world around them and who had a nuanced understanding of the forces of nature. They knew that one place could have several types of rain, each distinct from the other.\u00a0 They knew when a particular rain would fall, its color, its duration, its intensity, its path, its sound, its scent, and its effect on the land and their lives.<\/p>\n<p><em>H<\/em><em>\u0101<\/em><em>nau ka Ua\u00a0<\/em>is the fullest record of Hawaiian rain names and their lore to date, drawing on oral tradition and literature, including approximately three hundred \u2018\u014dlelo Hawai\u2018i primary sources from the nineteenth and twentieth centuries containing chants, songs, laments, and narratives. The existence of hundreds, perhaps thousands, of rain and wind names is evidence of the value our k\u016bpuna attached to these forces. This compilation will help toward maintaining the connection our k\u016bpuna had with the Hawaiian universe and toward knowing the rains as our k\u016bpuna knew them, enriching all aspects of our lives.<\/p>\n<p>Whether you belong to Puna, Hawai\u02bbi, like the delicate Alanilehua rain, so rare it is only visible during certain times of the morning, or to Ni\u02bbihau like the unpredictable N\u0101ulu rain that wraps the spirit in a downpour, you will find a rainy companion for cold nights and humid days.\u00a0<em>H\u0101nau ka Ua\u00a0<\/em>reintroduces us to these cherished companions, giving new life to their names and their stories. Ola!<\/p>\n<\/div><div class=\"fusion-sep-clear\"><\/div><div class=\"fusion-separator fusion-full-width-sep\" style=\"margin-left: auto;margin-right: auto;margin-top:25px;margin-bottom:25px;width:100%;\"><\/div><div class=\"fusion-sep-clear\"><\/div><div class=\"fusion-aligncenter\"><style type=\"text\/css\">.fusion-button.button-1 {border-radius:25px;}<\/style><a class=\"fusion-button button-flat button-xlarge button-default button-1 fusion-button-default-span \" target=\"_self\" href=\"https:\/\/shops.beta.kamehamehapublishing.org\/products\/978-0-87336-246-7\/\"><span class=\"fusion-button-text\">Purchase<\/span><\/a><\/div><div class=\"fusion-sep-clear\"><\/div><div class=\"fusion-separator fusion-full-width-sep\" style=\"margin-left: auto;margin-right: auto;margin-top:25px;margin-bottom:25px;width:100%;\"><\/div><div class=\"fusion-sep-clear\"><\/div><div class=\"fusion-testimonials classic fusion-testimonials-1\" data-random=\"0\" data-speed=\"5000\"><style type=\"text\/css\">#fusion-testimonials-1 a{border-color:#999999;}#fusion-testimonials-1 a:hover, #fusion-testimonials-1 .activeSlide{background-color: #999999;}.fusion-testimonials.classic.fusion-testimonials-1 .author:after{border-top-color:#ffffff !important;}<\/style><div class=\"reviews\"><div class=\"review no-avatar\"><blockquote><q style=\"background-color:#ffffff;color:#999999;\" class=\"fusion-clearfix\">\n<p>\u201cNani loa k\u0113ia a he mau \u2018ike waiwai loa i h\u014d\u2018ili\u2018ili \u2018ia ma kahi ho\u2018okahi.\u00a0 E lilo ana k\u0113ia \u2018o ia kekahi o n\u0101 puke k\u016bmole ko\u2018iko\u2018i no kekahi mau hana noi\u2018i nui no k\u0113ia mua aku.\u201d This book is very beautiful; it is a rich compilation of knowledge under one cover. This will be an important resource for future research.<\/p>\n<p>\u2013 Dr. Larry Kimura, Associate Professor of Hawaiian Language and Hawaiian Studies, Ka Haka \u2018Ula O Ke\u2018elik\u014dlani,\u00a0UH-Hilo<\/p>\n<\/q><\/blockquote><div class=\"author\" style=\"color:#999999;\"><span class=\"company-name\"><\/span><\/div><\/div><div class=\"review no-avatar\"><blockquote><q style=\"background-color:#ffffff;color:#999999;\" class=\"fusion-clearfix\">\n<p>\u201cMahalo k\u0101 \u2018olua hana nui e na\u2018auao mai ai ka l\u0101hui aloha. E komo ana n\u014d i loko o ka\u2018u mau papa a pau! \u2018O ku\u2018u paipala n\u014d ia.\u201d Thank you both for your hard work by which our beloved people may be enlightened. This book will be used in all of my classes! It will be like my Bible.<\/p>\n<p>\u2013 Kainani Kahaunaele, Hawaiian Language and Hawaiian Studies kumu, Ka Haka \u2018Ula O Ke\u2018elik\u014dlani,\u00a0UH-Hilo \/ Hawaiian music composer and recording artist<\/p>\n<\/q><\/blockquote><div class=\"author\" style=\"color:#999999;\"><span class=\"company-name\"><\/span><\/div><\/div><div class=\"review no-avatar\"><blockquote><q style=\"background-color:#ffffff;color:#999999;\" class=\"fusion-clearfix\">\n<p>\u201cP\u014dmaikai m\u0101kou a pau i\u0101 \u2018olua, \u2018a\u2018ole na\u2018e i ka hana noi\u2018i a noelo wale n\u014d, ak\u0101, i ke ola piha\u2018\u016b i ke aloha, he mea ia e h\u0101lana a\u2018e ai ka mana\u2018o i ke ola o ka \u2018\u0101ina, o ka \u2018\u014dlelo ho\u2018i.\u201d We are all blessed because of you, not just for your laborious research efforts, but also for the way you live a life filled with aloha; it gives hope that the land and the language of the land will flourish.<\/p>\n<p>\u2013 Dr. Kapali Lyon, Chair, Department of Religion, UH-M\u0101noa<\/p>\n<\/q><\/blockquote><div class=\"author\" style=\"color:#999999;\"><span class=\"company-name\"><\/span><\/div><\/div><\/div><\/div><\/div><\/div><div class=\"fusion-clearfix\"><\/div><\/div><\/div><\/div><\/div>\n","protected":false},"excerpt":{"rendered":"","protected":false},"author":3,"featured_media":0,"parent":0,"menu_order":0,"comment_status":"closed","ping_status":"closed","template":"","meta":{"_exactmetrics_skip_tracking":false,"_exactmetrics_sitenote_active":false,"_exactmetrics_sitenote_note":"","_exactmetrics_sitenote_category":0,"footnotes":""},"class_list":["post-2084","page","type-page","status-publish","hentry"],"_links":{"self":[{"href":"https:\/\/blogsites.ksbe.edu\/kpub\/wp-json\/wp\/v2\/pages\/2084","targetHints":{"allow":["GET"]}}],"collection":[{"href":"https:\/\/blogsites.ksbe.edu\/kpub\/wp-json\/wp\/v2\/pages"}],"about":[{"href":"https:\/\/blogsites.ksbe.edu\/kpub\/wp-json\/wp\/v2\/types\/page"}],"author":[{"embeddable":true,"href":"https:\/\/blogsites.ksbe.edu\/kpub\/wp-json\/wp\/v2\/users\/3"}],"replies":[{"embeddable":true,"href":"https:\/\/blogsites.ksbe.edu\/kpub\/wp-json\/wp\/v2\/comments?post=2084"}],"version-history":[{"count":0,"href":"https:\/\/blogsites.ksbe.edu\/kpub\/wp-json\/wp\/v2\/pages\/2084\/revisions"}],"wp:attachment":[{"href":"https:\/\/blogsites.ksbe.edu\/kpub\/wp-json\/wp\/v2\/media?parent=2084"}],"curies":[{"name":"wp","href":"https:\/\/api.w.org\/{rel}","templated":true}]}}