{"id":247,"date":"2013-09-26T17:12:47","date_gmt":"2013-09-27T03:12:47","guid":{"rendered":"https:\/\/blogsites.ksbe.edu\/fnfp\/?page_id=247"},"modified":"2015-03-04T11:46:46","modified_gmt":"2015-03-04T21:46:46","slug":"papa-kalo-2006-2007","status":"publish","type":"page","link":"https:\/\/blogsites.ksbe.edu\/fnfp\/profiles\/fellows\/papa-kalo-2006-2007\/","title":{"rendered":"Papa Kalo (2006-2007)"},"content":{"rendered":"<p><img decoding=\"async\" class=\"aligncenter size-full wp-image-250\" src=\"https:\/\/blogsites.ksbe.edu\/fnfp\/wp-content\/uploads\/sites\/3\/2013\/09\/20062007fellows.jpg\" alt=\"20062007fellows\" width=\"323\" height=\"125\" srcset=\"https:\/\/blogsites.ksbe.edu\/fnfp\/wp-content\/uploads\/sites\/3\/2013\/09\/20062007fellows.jpg 323w, https:\/\/blogsites.ksbe.edu\/fnfp\/wp-content\/uploads\/sites\/3\/2013\/09\/20062007fellows-300x116.jpg 300w\" sizes=\"(max-width: 323px) 100vw, 323px\" \/><\/p>\n<p><strong><img decoding=\"async\" class=\"alignleft size-full wp-image-251\" src=\"https:\/\/blogsites.ksbe.edu\/fnfp\/wp-content\/uploads\/sites\/3\/2013\/09\/bellison.jpg\" alt=\"bellison\" width=\"113\" height=\"171\" \/>Brett Eruera Ellison<\/strong><br \/>\nKo Aoraki te mauka, ko Waitaki te awa, ko K\u0101i Tahu te iwi, K\u0101i Te Ruahihihiki te hap\u016b, ko Tamatea te whare, ko Otakou te w\u0101hi, ko Brett Eruera Ellison taku ingoa, t\u0113n\u0101 koutou katoa<\/p>\n<p>I was born and raised on the family farm at Otakou, a short walk from Otakou Marae, located on the Otago Peninsular near the southern city of Dunedin. Early years were balanced between understanding the changing environmental conditions necessary to ensure profitability from the land, whilst increasingly appreciating the linkages between my ancestors and the surrounding natural environment which forms an integral component of the identity that is Te R\u016bnanga o Otakou. The relationships developed between wh\u0101nau, the family farm, the marae, and the wider-community remain strong, and form an integral part of the person I am today.<\/p>\n<p>My education has been largely local, although several years were spent in England employed as a financial manager. In recent years tertiary studies have focused on human geography at the University of Otago (Te Whare W\u0101naka o Otakou). Having completed a bachelor of arts in 2004, I am presently finishing my Masters thesis entitled \u2018Grassroots responses to Marginalization: Community based-development in rural South Africa\u2019. This research is largely \u2018development\u2019 focused, which considers alternative tools for marginalized communities in post-apartheid South Africa to stimulate sustainable economic development. The case-studies for the research have been utilizing indigenous plant products, which in turn are harvested and processed into tea, and sold via the international Fair Trade markets. A central argument is that development focused at the community level can offer both economic benefits, alongside a heightened and more pronounced environmentally sustainable focus.<\/p>\n<p>During these studies there has also been the opportunity to work closely with Dr. Gail Tipa (K\u0101i Tahu) developing indigenous planning, management and research tools on the lower Taieri River. This process has involved consultation, facilitation, and encouragement of indigenous participation in environmental management. From a personal perspective I am increasingly interested in exploring alternative and diverse strategies in biodiversity protection, of which indigenous communities will play an important role. A key theme for all my future work will be translating K\u0101i Tahu visions of environmental management into tools to be used by future generations.<\/p>\n<p>M\u014d t\u0101tou, \u0101, m\u014d k\u0101 uri \u0101 muri ake nei.<\/p>\n<p><strong><img decoding=\"async\" class=\"alignleft size-full wp-image-252\" src=\"https:\/\/blogsites.ksbe.edu\/fnfp\/wp-content\/uploads\/sites\/3\/2013\/09\/kimura.jpg\" alt=\"kimura\" width=\"113\" height=\"171\" \/>Leslie Kaiu Kimura<\/strong><br \/>\nTracing her \u2018ohana lineage back many generations to Waimea, Hawai\u2019i, Kaiu Kimura is a student of Ka Haka \u2018Ula o Ke\u2019elikolani, Hawaiian Language College at UH-Hilo where she is pursing a Masters degree in Hawaiian Language and Literature.<\/p>\n<p>Kaiu is a graduate of the Kamehameha Schools class of 1996 and went on to pursue a bachelor of arts degree at UH-Hilo in Hawaiian Studies. She completed her studies there in the year 2000.\u00a0 While at UH-Hilo, she participated in the first UH-Hilo student exchange program with the University of Waikato in Hamilton, New Zealand where she spent a semester studying Maori language and culture.<\/p>\n<p>Kaiu lectures for the Hawaiian Language College, teaching first level Hawaiian language.\u00a0 She has also worked for the \u2018Aha Punana Leo in various positions including the facilitator of Hale Kipa \u2018Oiwi, an outreach program to other Native American communities and indigenous groups worldwide, working towards language and culture revitalization, and has also developed language curriculum offered to Hawai\u2019i\u2019s business community.\u00a0 Kaiu is currently the Experience Coordinator at the \u2018Imiloa Astronomy Center of Hawai\u2019i where she played an integral role in developing exhibits and programs.<\/p>\n<p>Her passion and commitment is to her community and to the return of the Hawaiian language as a living, thriving language of Hawai\u2019i.<\/p>\n<p><strong><img decoding=\"async\" class=\"alignleft size-full wp-image-253\" src=\"https:\/\/blogsites.ksbe.edu\/fnfp\/wp-content\/uploads\/sites\/3\/2013\/09\/lincoln.jpg\" alt=\"lincoln\" width=\"113\" height=\"171\" \/>Noa Lincoln<\/strong><br \/>\nI was born in Kealakekua and raised in Ma&#8217;alaea Harbor on Maui.\u00a0 I boarded at Kamehameha Schools from the seventh grade, finishing top 2% of my class.\u00a0 I received my B.A. from Yale University in Environmental Engineering.\u00a0 I have studied environmental management techniques all around the Pacific from Palmyra to Costa Rica and since graduation have worked with involving students in conservation and cultural oriented projects.\u00a0 Currently I am the education coordinator for the Bishop Museum&#8217;s Amy B.H. Greenwell Ethnobotanical Garden located in Kealakekua, Hawai&#8217;i where I focus on teaching a mix of ethnobotany and modern science to students and adults.<\/p>\n<p><strong><img decoding=\"async\" class=\"alignleft size-full wp-image-254\" src=\"https:\/\/blogsites.ksbe.edu\/fnfp\/wp-content\/uploads\/sites\/3\/2013\/09\/makasobe.jpg\" alt=\"makasobe\" width=\"113\" height=\"171\" \/>Jamie Anne Kawailehua Makasobe<\/strong><br \/>\nJamie Anne Kawailehua Makasobe\u2019s `ohana comes from Kane\u2019ohe and Waianae, Oahu, and has been raised a majority of her upbringing on the Windward side.\u00a0 She currently serves as Communications Coordinator and Office Manager for Paepae o Heeia, a non-profit organization, that helps to take care of He\u2019eia Fishpond while perpetuating cultural sustainability for communities of Hawaii through education.<\/p>\n<p>Her studies include a Bachelors of Arts Degree from the University of Oregon, double majoring in Public Relations and Television Broadcasting.<\/p>\n<p><strong><img decoding=\"async\" class=\"alignleft size-full wp-image-255\" src=\"https:\/\/blogsites.ksbe.edu\/fnfp\/wp-content\/uploads\/sites\/3\/2013\/09\/nahoopii.jpg\" alt=\"nahoopii\" width=\"113\" height=\"171\" \/>Daniel Naho\u02bbopi\u02bbi<\/strong><br \/>\nFellow Daniel Naho&#8217;opi&#8217;i serves on the Board of Directors of Hawaii Maoli, a non-profit entity of the Association of Hawaiian Civic Clubs, where he facilitates cultural and educational grants and contracts that provide services and support to the Native Hawaiian Community &#8212; Helping Hawaiians to build strong and healthy communities.\u00a0 Daniel Naho&#8217;opi&#8217;i also serves as a Manager in the Hawaiian Databook &amp; Doc. division for the Kamehameha Schools Bishop Estate.<\/p>\n<p><strong><img decoding=\"async\" class=\"alignleft size-full wp-image-256\" src=\"https:\/\/blogsites.ksbe.edu\/fnfp\/wp-content\/uploads\/sites\/3\/2013\/09\/oconnell.jpg\" alt=\"oconnell\" width=\"113\" height=\"171\" \/>David O&#8217;connell<\/strong><br \/>\nI am of Ng\u0101i Tahu, Ng\u0101ti Mamoe and Waitaha descent &#8211; the tribal people who occupy the majority of Te Waipounamu, the South Island of Aotearoa\/New Zealand.\u00a0 I am married to Patsy Perenara and together we have two daughters, Te Puawai (6) and Rerekiao (3), and a son K\u0101maioha (4 mths).<\/p>\n<p>I have worked for my iwi (tribe) for 14 years; 5 years in the tribal Whakapapa (Genealogy) Unit, 4\u00bd years for my local tribal council Te Taumutu R\u016bnanga and 4\u00bd years in the tribal Environmental Unit.\u00a0 I have managed this Unit for the past 2 years.\u00a0 Whilst working I completed a Bachelor of Arts (Majoring in M\u0101ori) at Canterbury University.<\/p>\n<p>I have held tribal representative positions on the Canterbury Aoraki Conservation Board, the Te Waihora Eel Management Committee, and currently a customary tangata tiaki (resource manager) for Te Waihora (Lake Ellesmere) and 30 kilometres of the Canterbury Bight coastline.\u00a0 I was the Ng\u0101i Tahu member of the Steering Committee of the 3rd International Wildlife Management Congress and assisted in organising the Indigenous Day Conference of that Congress.<\/p>\n<p>I have been an active member of Te Taumutu R\u016bnanga for 18 years and have held the position of Alternate Tribal Representative, and am currently the Treasurer, Marae (Meeting House) Development Portfolio Leader, and Chair of Te Taumutu Charitable Trust.<\/p>\n<p>My most recent achievement has been policy development for, and project management of, the Te Waihora Joint Management Plan \u2013 a shared tribal \/ government plan for the Ng\u0101i Tahu owned lakebed and adjoining Crown Conservation lands.<\/p>\n<p>Mehemea au ka tu ohu ai me maunga teitei<\/p>\n<p>If I should have to bow my head let it be to a lofty mountain<\/p>\n<p><strong><img decoding=\"async\" class=\"alignleft size-full wp-image-257\" src=\"https:\/\/blogsites.ksbe.edu\/fnfp\/wp-content\/uploads\/sites\/3\/2013\/09\/puketapu.jpg\" alt=\"puketapu\" width=\"113\" height=\"171\" \/>Brendon Te Tiwha Puketapu<\/strong><br \/>\nT\u00ebn\u00e4 koutou katoa<\/p>\n<p>My name is Brendon Te Tiwha Puketapu.\u00a0 I live with my partner Catherine Bourke in Christchurch with our daughter, Mahony who is 18 months old, and my daughter Atarea who is seven years old.<\/p>\n<p>I have been the Chief Executive Officer for Te Tapuae o Rehua Ltd, which is based on Christchurch, for just over two and a half years.\u00a0 This company is a partnership between Ng\u00e4i Tahu and the larger tertiary institutions in Te Waipounamu.\u00a0 The partners are committed to delivering and producing better results for all M\u00e4ori.\u00a0 You can find our more information by visiting www.tetapuae.co.nz<\/p>\n<p>Prior to this I held senior management positions in the public sector \u2013 the Ministry of Education, New Zealand Qualifications Authority, the Ministry for M\u00e4ori Development and the State Services Commission.\u00a0 My academic background includes M\u00e4ori studies, development studies and organisational theory and practice.<\/p>\n<p>My whakapapa ties &#8211; ancestral relationships are particularly close with tribal groupings on the west coast of the North Island \u2013 Te Atihaunui a Paparangi, Ng\u00e4ti Rangi, Ng\u00e4 Rauru, Te Atiawa, Ng\u00e4 Ruahinerangi, Ng\u00e4ti Ruanui.<\/p>\n<p>My iwi and hap\u00fc commitments are focused on the settlement of the Whanganui river claim though I am also involved in the planning, establishment and implementation of strategies and structures in iwi education, social and economic areas for Te Atihaunui a Paparangi.\u00a0 I contribute to Whanganui iwi affairs through my role as deputy chair of the Whanganui River M\u00e4ori Trust Board, my advisory role with Te Puna M\u00e4tauranga o Whanganui (an iwi education authority), and related iwi (tribal) projects.<\/p>\n<p>I have served on various boards and councils in the past 20 years.\u00a0 Since moving to Christchurch I have been less involved in such activities.\u00a0 Besides my iwi involvements, I am currently an associate director for Paraninhi ki Waitotara Incorporation &#8211; a farm-based incorporation on the west coast of the North Island and I sit on the board for the New Zealand Council for Education Research (NZCER).<\/p>\n<p><strong><img decoding=\"async\" class=\"alignleft size-full wp-image-258\" src=\"https:\/\/blogsites.ksbe.edu\/fnfp\/wp-content\/uploads\/sites\/3\/2013\/09\/richards.jpg\" alt=\"richards\" width=\"113\" height=\"171\" \/>Layne Kahinuonalani Richards<br \/>\n<\/strong>Layne Kahinuonalani Richards is a high school biology teacher at Kamehameha School Hawai`i Campus. He was also the Administration Director and a founder of Halau Ku Mana Charter School in Honolulu, education specialist at the Office of Hawaiian Affairs, vice president of the Hawai`i Association of Charter Schools, and a member of several community organizations, such as Native Nations Education Foundation and Kai Makana.\u00a0 Layne has a B.A. in Pacific Business, a certificate in International Business, and was a graduate fellow in the Leadership for Educational Entrepreneurs program at Arizona State University.\u00a0 Layne enjoys the visual arts, Hawaiiana, and travelling.<\/p>\n","protected":false},"excerpt":{"rendered":"<p>Brett Eruera Ellison Ko Aoraki te mauka, ko Waitaki te awa, ko K\u0101i Tahu te iwi, K\u0101i Te Ruahihihiki te hap\u016b, ko Tamatea te whare, ko Otakou te w\u0101hi, ko Brett Eruera Ellison taku ingoa, t\u0113n\u0101 koutou katoa I was born and raised on the family farm at Otakou, a short walk from Otakou Marae, &#8230;<\/p>\n","protected":false},"author":3,"featured_media":0,"parent":122,"menu_order":0,"comment_status":"closed","ping_status":"closed","template":"","meta":{"footnotes":"","_links_to":"","_links_to_target":""},"class_list":["post-247","page","type-page","status-publish","hentry"],"_links":{"self":[{"href":"https:\/\/blogsites.ksbe.edu\/fnfp\/wp-json\/wp\/v2\/pages\/247","targetHints":{"allow":["GET"]}}],"collection":[{"href":"https:\/\/blogsites.ksbe.edu\/fnfp\/wp-json\/wp\/v2\/pages"}],"about":[{"href":"https:\/\/blogsites.ksbe.edu\/fnfp\/wp-json\/wp\/v2\/types\/page"}],"author":[{"embeddable":true,"href":"https:\/\/blogsites.ksbe.edu\/fnfp\/wp-json\/wp\/v2\/users\/3"}],"replies":[{"embeddable":true,"href":"https:\/\/blogsites.ksbe.edu\/fnfp\/wp-json\/wp\/v2\/comments?post=247"}],"version-history":[{"count":0,"href":"https:\/\/blogsites.ksbe.edu\/fnfp\/wp-json\/wp\/v2\/pages\/247\/revisions"}],"up":[{"embeddable":true,"href":"https:\/\/blogsites.ksbe.edu\/fnfp\/wp-json\/wp\/v2\/pages\/122"}],"wp:attachment":[{"href":"https:\/\/blogsites.ksbe.edu\/fnfp\/wp-json\/wp\/v2\/media?parent=247"}],"curies":[{"name":"wp","href":"https:\/\/api.w.org\/{rel}","templated":true}]}}