{"id":232,"date":"2013-09-26T17:08:19","date_gmt":"2013-09-27T03:08:19","guid":{"rendered":"https:\/\/blogsites.ksbe.edu\/fnfp\/?page_id=232"},"modified":"2013-10-07T13:23:14","modified_gmt":"2013-10-07T23:23:14","slug":"papa-ohia-lehua-2008-2009","status":"publish","type":"page","link":"https:\/\/blogsites.ksbe.edu\/fnfp\/profiles\/fellows\/papa-ohia-lehua-2008-2009\/","title":{"rendered":"Papa \u2018Ohi\u2018a Lehua (2008-2009)"},"content":{"rendered":"<p><strong><img decoding=\"async\" class=\"alignleft size-full wp-image-234\" alt=\"OLYMPUS DIGITAL CAMERA\" src=\"https:\/\/blogsites.ksbe.edu\/fnfp\/wp-content\/uploads\/sites\/3\/2013\/09\/cunningham.jpg\" width=\"113\" height=\"170\" \/>Manaia Cunningham<\/strong><br \/>\nManaia is a young, adventurous Ng\u0101i Tahu t\u0101ne.\u00a0 As a father of two, Manaia enjoys quality time with his children, T \u0101mati 5 and Amelia 3.\u00a0 During the summer months, they particularly enjoy spending their time outdoors at the family batch in Port Levy.<\/p>\n<p>Manaia has been a Primary School teacher of Social Sciences at Spreydon Primary since 2003.\u00a0 He holds a Bachelor of Teaching and Learning (BTchLN) and is continuing his studies for a Post Graduate Diploma in Bilingual and Immersion teaching.\u00a0 Currently, Manaia is the Treasurer for Te R\u016bnanga o Koukour\u0101rata, supporting the r \u016bnanga by developing an Aquaculture Academy programme.\u00a0 Manaia enjoys many outdoor activities and holds a Certificate in Outdoor Education and Outdoor Adventure.\u00a0 He also enjoys regular exercise and is an ambitious golfer.<\/p>\n<p><strong><img decoding=\"async\" class=\"alignleft size-full wp-image-235\" alt=\"dancil\" src=\"https:\/\/blogsites.ksbe.edu\/fnfp\/wp-content\/uploads\/sites\/3\/2013\/09\/dancil.jpg\" width=\"113\" height=\"170\" \/>Kamakani Dancil<\/strong><br \/>\nKamakani \u201cKama\u201d Dancil is Kama\u2018\u0101ina o Makawao.\u00a0 He is the Land Asset Manager for Kamehameha Schools\u2019 Land Assets Division.\u00a0 His kuleana include KS\u2019 lands in the moku of Ka\u2018\u016b, Kohala, South Kona and Mauka Kona. In his prior position, Forester, with Forest Solutions Inc., he was responsible for managing the Prutimber tree farm on KS\u2019 lands near P\u0101hala and the implementation of conservation stewardship in Keauhou, Ka\u2018\u016b.\u00a0 He holds a Bachelor\u2019s degree in Forest Management from Colorado State University.\u00a0 Kama has used his education and experience to support the development of silvicultural methods in managing plantation koa.\u00a0 Although many expert opinions doubt the success of plantation koa, Kama is unwilling to concede to the results of past attempts.\u00a0 &#8220;He &#8216;a&#8217;ali&#8217;i ku makani mai au; &#8216;a&#8217;ohe makani nana e kula&#8217;i.&#8221; &#8220;I am a wind-resisting &#8216;a&#8217;ali&#8217;i; no gale can push me over.&#8221; &#8211; Pukui, &#8216;Olelo No&#8217;eau.\u00a0 We have the opportunity to positively influence the future for the next generation of stewards.\u00a0 We are in the era of creating abundance in resources and options.<\/p>\n<p><strong><img decoding=\"async\" class=\"alignleft size-full wp-image-236\" alt=\"ellison\" src=\"https:\/\/blogsites.ksbe.edu\/fnfp\/wp-content\/uploads\/sites\/3\/2013\/09\/ellison.jpg\" width=\"113\" height=\"170\" \/>Riki Ellison<\/strong><br \/>\nRiki Ellison is a well educated and knowledgeable Ng \u0101i Tahu t \u0101ne.\u00a0 Riki has a strong awareness of the needs and aspirations of Ng \u0101i Tahu wh \u0101nui through his upbringing and family connections, and through raising his own children.\u00a0 He has also had the opportunity to work with whanauka from Kamehameha Schools as a guest presenter at the initial First Nations&#8217; Futures Institute and also being involved in the establishment of the FNFP.<\/p>\n<p>Currently working in a dual role as both Maori Development Manager and Policy Manager with Aquaculture New Zealand, Riki has a strong desire to make a positive personal contribution to Maori achieving success through involvement in this industry.<\/p>\n<p>Riki also served as Private Secretary &#8211; Environment, working directly with the Minister for the Environment of New Zealand.\u00a0 Among his various interests, he holds in especially high esteem the ideal fact that perspectives of the Maori are an important part in agenda setting for the government and should be incorporated in a movement towards national standards, policy, and priorities.<\/p>\n<p><strong><img decoding=\"async\" class=\"alignleft size-full wp-image-237\" alt=\"francisco\" src=\"https:\/\/blogsites.ksbe.edu\/fnfp\/wp-content\/uploads\/sites\/3\/2013\/09\/francisco.jpg\" width=\"113\" height=\"170\" \/>Nick Kalamakani Francisco<\/strong><br \/>\nMy name is Nicholas Donald Kalamakani Francisco.\u00a0\u00a0 I am very grateful and honored to have the opportunity to participate in the First Nations&#8217; Futures Program.\u00a0 I look forward to learning and becoming an instrument of positive change for the Hawaiian community.\u00a0 I am a graduate of Kamehameha Schools Kapalama and Loyola Marymount University (LMU) Los Angeles, CA.\u00a0 At LMU, I received a Bachelor of Arts in Classical Civilizations with a minor in Music, as well as a Masters of Arts in Education.<\/p>\n<p>I am a co-founder and director of Ho`ai Hawai`i, a not-for-profit organization aimed at teaching native Hawaiian youth hands-on organic dryland kalo cultivation.\u00a0 Both the kalo and poi produced by the students participating in our program are donated to our Hawaiian kupuna and surrounding communities.\u00a0 Our goal is to re-establish Hawai`i&#8217;s sustainable agricultural independence starting from the community and family level; as well as to strengthen Hawaiian health, values and cultural identity.<\/p>\n<p>I am an advocate for Hawaiian culture, values and rights.\u00a0 I passionately believe that protecting and preserving our lands and natural resources, as our ancestors skillfully managed before us, is of paramount importance in order to sustain the life and traditions of our proud and industrious people.\u00a0 I value the advice, experience and wisdom of my ancestors and elders.\u00a0 I believe that by looking to the past we can find answers to all of life&#8217;s contemporary issues and challenges.<\/p>\n<p>I love and value my family and their unending support of all my endeavors and dreams.\u00a0 My main inspiration and source of strength is my love, my partner and co-founder of Ho`ai Hawai`i, Kaleo`onalani of the Manuwa `Ohana.\u00a0 She has blessed me with her everlasting love and with our strong and healthy son, Kalamakua &#8211; to whom I dedicate all my work and any good I accomplish.\u00a0 My son serves as a constant reminder of the pressing need to make a positive change in Hawai`i for the future of all our children.<\/p>\n<p><strong><img decoding=\"async\" class=\"alignleft size-full wp-image-238\" alt=\"jeremiah\" src=\"https:\/\/blogsites.ksbe.edu\/fnfp\/wp-content\/uploads\/sites\/3\/2013\/09\/jeremiah.jpg\" width=\"113\" height=\"170\" \/>Jason Alapaki Jeremiah<br \/>\n<\/strong>Jason Alapaki Jeremiah was born and raised in Kailua, O&#8217;ahu, graduated from the Kamehameha Schools, Kap\u0101lama Campus in 2000.\u00a0 Jason earned his B.A. in Hawaiian Studies from Kamak\u016bokalani Center for Hawaiian Studies at the University of Hawai&#8217;i at M\u0101noa in 2004.\u00a0 He has finished his coursework for a Masters&#8217; in Urban and Regional Planning at the University of Hawai&#8217;i at M\u0101noa, and is currently working on his Masters&#8217; thesis on kuleana water rights in N\u0101 Wai &#8216;Eh\u0101.<\/p>\n<p>Jason is currently working at the Office of Hawaiian Affairs as a Policy Advocate in Land and Historic Preservation with the Native Rights, Land, and Culture Hale.\u00a0 He also manages and maintains OHA&#8217;s Geographic Informatoin System (GIS).\u00a0 His advocacy work at OHA includes oversight of federal, state, county, and private actions that impact traditional and customary rights, historic sites, iwi k\u016bpuna, and cultural practices.\u00a0 In his capacity at OHA, Jason has conducted many community-based mapping projects which aim to introduce and educate the youth and community on Geographic Position System (GPS) and GIS technologies.<\/p>\n<p>Jason interned at the Kamehameha Schools, Land Assets Division from 2006-2007 as a Land Legacy Database Intern and a Land Information Systems Intern.\u00a0 Jason has also volunteered with the `Ahahui M\u0101lama i ka L\u014dkahi, a community group charged with the environmental and cultural restoration of Kawainui Marsh in Kailua, O&#8217;ahu.\u00a0 He is also a coach with the Boys and Girls Volleyball programs at the Kamehameha Schools, Kap\u0101lama Campus.<\/p>\n<p><strong><img decoding=\"async\" class=\"alignleft size-full wp-image-239\" alt=\"doane\" src=\"https:\/\/blogsites.ksbe.edu\/fnfp\/wp-content\/uploads\/sites\/3\/2013\/09\/doane.jpg\" width=\"113\" height=\"170\" \/>Jocelyn M-Doane<\/strong><br \/>\nBBA, 2002, Shidler College of Business; JD, magna cum laude, William S. Richardson School of Law (&#8220;WSRSL&#8221;), 2007; MBA, Shidler College of Business, 2008.<\/p>\n<p>After receiving her BBA, Jocelyn worked at her high school alma mater (Mililani High School) in the Business Department, teaching general business courses. She was then accepted into\u00a0 the WSRSL as a student in 2004.\u00a0 During law school she served as an alaka&#8217;i for &#8216;Ahahui o Hawai&#8217;i, the Native Hawaiian law student organization.\u00a0 She also completed an externship with the honorable Hawaii State Senator Clayton Hee, where she researched Native Hawaiian and Environmental law for a project on Moloka&#8217;i.\u00a0 In 2005 she entered into a dual-degree JD\/MBA program with the Shidler College of Business.<\/p>\n<p>Benefiting from the establishment of Ka Huli Ao Center for Excellence in Native Hawaiian Law and the efforts of Assistant Professor Melody MacKenzie, Jocelyn became one of the first graduates to earn a Pacific Asian Legal Studies (PALS) Certificates with a Specialty in Native Hawaiian Law.<\/p>\n<p>Jocelyn is a 2008-2009 fellow for Ka Huli Ao and working on creating a framework to identify, interview, and document oral histories of k\u016bpuna that have mana&#8217;o on traditional and customary practices.<\/p>\n<p><strong><img decoding=\"async\" class=\"alignleft size-full wp-image-240\" alt=\"mules\" src=\"https:\/\/blogsites.ksbe.edu\/fnfp\/wp-content\/uploads\/sites\/3\/2013\/09\/mules.jpg\" width=\"113\" height=\"170\" \/>Rangimarie Mules<\/strong><br \/>\nBorn and raised in the tranquil backdrop of Hokianga, my childhood is a memory of vibrancy and diversity.\u00a0 This start in life has carried me into my young adulthood where it is not only a passion, but is an innate sense of living.\u00a0 I have lived in a variety of environments, such as Hokianga, where my grandfather still resides on the family farm; Harihari, in South Westland; Collingwood, in Golden Bay; Dunedin, in Otago; and now Wellington, where I work as a Policy Analyst for Te Puni Kokiri, Ministry of Mori Development.<\/p>\n<p>My whakapapa (genealogy) links me back to the ancestral mountains of Aoraki, Mt. Cook Ngai Tahu, Ngati Mamoe, Waitaha, and Taranaki (Te Atiawa).\u00a0 This inherited identity is the backbone behind my passion for our surroundings and the sustainable use of our resources.\u00a0 I believe that our ancestors were some of the most adaptable scientists and that their matauranga (knowledge) coupled with contemporary knowledge can offer a lot to how we develop and use natural resources.\u00a0 My passions lie within te reo Mori (Mori language) as the clothing for this diverse matauranga and the exploration of how the knowledge from the past can help better inform our practices of the present.<\/p>\n<p><strong><img decoding=\"async\" class=\"alignleft size-full wp-image-241\" alt=\"nakanishi\" src=\"https:\/\/blogsites.ksbe.edu\/fnfp\/wp-content\/uploads\/sites\/3\/2013\/09\/nakanishi.jpg\" width=\"113\" height=\"170\" \/>Keola Nakanishi<br \/>\n<\/strong>Keola&#8217;s kupuna are native to Hawaii (especially Kohala), Japan, Guam, Russia, Poland, and Spain.\u00a0 He spent his keiki days in Nanakuli, before &#8220;house hopping&#8221; to Wai&#8217;anae, Waipahu, and Pearl City.\u00a0 He attended public schools on the Leeward Coast for his elementary years and KS for his middle and high school years.\u00a0 Those he cites as his primary source of intellectual, cultural, and spiritual learning and inspiration are his &#8216;ohana &#8211; especially his Tutu &#8211; along with 3 other kupuna that were pili to him (all of whom have passed in recent years):\u00a0 Kupuna Margaret Aipoalani, &#8216;Anakala Eddie Ka&#8217;anana, and Kumu Keola Lake.<\/p>\n<p>Keola&#8217;s formal education includes a Bachelor&#8217;s Degree in Economics at Occidental College, and an MA in Pacific Islands Studies at UH-Manoa, with an emphasis in Education.\u00a0 Other sources of learning, grounding, and inspiratin over the last 10 years include various lo&#8217;i, loko i&#8217;a o He&#8217;eia (traditional fishpond), Kanehunamoku (traditional sailing canoe), learning oli (Kumu Lake), lomilomi (Kumu Keoho, Kumu Alvah) and weekly kanipila jam sessions held at his house (&#8217;98-&#8217;07).\u00a0 He also enjoys surfing, canoe surfing, and hiking.<\/p>\n<p>In 1998, at age 23, he began visioning, planning, networking, fundraising, as well as providing weekly &#8216;ike Hawai&#8217;i classes and monthly community events, under Mana Maoli, which soon became a 501(c)3 non-profit, striving for community based education, sharing and pooling of resources, and sustainability.\u00a0 Mana Maoli&#8217;s first and primary focus (through today) is to strive toward their vision through starting &#8211; and sustaining &#8211; Halau Ku Mana Public Charter School, which was the first startup charter school on O&#8217;ahu to receive its charter (December 2000), opening its doors in 2001.<\/p>\n<p>Halau Ku Mana is a community, culture and environment-based school serving &#8216;opio grades 6-12, from its two original host communities &#8211; Papakolea and Maunalaha (the only 2 Hawaiian homesteads in Honolulu) as well as through O&#8217;ahu.\u00a0 &#8216;Opio have been very responsive and successful with the real world, hands-on, interdisciplinary approach, with major improvements in attendance, academics, cultural grounding, and sense of service and leadership in their communities.\u00a0 Keola was recognized nationally for his efforts with Mana Maoli and Halau Ku Mana as one of the &#8220;Top 20 Leaders Under 30&#8221;.<\/p>\n<p><strong><img decoding=\"async\" class=\"alignleft size-full wp-image-242\" alt=\"young\" src=\"https:\/\/blogsites.ksbe.edu\/fnfp\/wp-content\/uploads\/sites\/3\/2013\/09\/young.jpg\" width=\"113\" height=\"170\" \/>Ren\u00e9e Young<\/strong><br \/>\nHe korokio taku rerenga ki runga taku maunga kohatu ko Pootiki-a-Rehua.<\/p>\n<p>Kareu te pewa ki te iti o Ngaa Rauru-kii-tahi te karapoti mai nei.\u00a0 Tuu mai raa te maunga me onaa mana, oona wehi, oona wana.\u00a0 Ka heke nei au ki runga ki ngaa wai riporipo o Waitootara awa.<\/p>\n<p>Rere amio whenua taku turanga-riri, ko Tauranga Ika.\u00a0 Toona koke koorero \u201cRuaiti kaiponu maunu\u201d<\/p>\n<p>Nei raa taa raatou mokopuna, ko Ren\u00e9e Marina Te Kehu Young, e ngana nei ki te haapai i oo raatou wawata moemoea.\u00a0 Auee te matapoorehu!\u00a0 Teenaa katoa mai taatou.<\/p>\n<p>I have spent all of my adult life working for my iwi, Ngaa Rauru Kiitahi, coming up through the ranks from receptionist.\u00a0\u00a0 This was an exciting time to become involved in iwi development as I began during the Treaty Negotiations phase and saw through the establishment of our post settlement governance entity, Te Kaahui o Rauru.\u00a0 I am currently in the management seat of the Ngaa Rauru Kiitahi social development subsidiary, Te Hapai Mauri Ltd.<\/p>\n<p>I have been supported and aided in my development by my whanau, hapu and iwi and it is with this experience and my involvement at my marae that I attribute my in-depth understanding and empathy for the aspirations of Ngaa Rauru Kiitahi uri. I am passionate about seeing our people reach their potential and feel privileged to be involved in helping to do so.<\/p>\n<p>I am a confident and enthusiastic young Ngaa Rauru wahine with a taane who puts up with my theatrics and parents who are impatiently waiting for mokopuna. I am studying part time with a view to extending my management qualifications.\u00a0 When there is spare time, I love nothing better than to spend the day with my nephew fishing.<\/p>\n<p>I am honoured to have been given this opportunity by my iwi and hope to use the knowledge and information gained through this experience to help achieve the long term vision of revitalisation of our Ngaa Rauru Kiitahitanga.<\/p>\n","protected":false},"excerpt":{"rendered":"<p>Manaia Cunningham Manaia is a young, adventurous Ng\u0101i Tahu t\u0101ne.\u00a0 As a father of two, Manaia enjoys quality time with his children, T \u0101mati 5 and Amelia 3.\u00a0 During the summer months, they particularly enjoy spending their time outdoors at the family batch in Port Levy. Manaia has been a Primary School teacher of Social &#8230;<\/p>\n","protected":false},"author":3,"featured_media":0,"parent":122,"menu_order":0,"comment_status":"closed","ping_status":"closed","template":"page-PageTemplate3.php","meta":{"footnotes":"","_links_to":"","_links_to_target":""},"class_list":["post-232","page","type-page","status-publish","hentry"],"_links":{"self":[{"href":"https:\/\/blogsites.ksbe.edu\/fnfp\/wp-json\/wp\/v2\/pages\/232","targetHints":{"allow":["GET"]}}],"collection":[{"href":"https:\/\/blogsites.ksbe.edu\/fnfp\/wp-json\/wp\/v2\/pages"}],"about":[{"href":"https:\/\/blogsites.ksbe.edu\/fnfp\/wp-json\/wp\/v2\/types\/page"}],"author":[{"embeddable":true,"href":"https:\/\/blogsites.ksbe.edu\/fnfp\/wp-json\/wp\/v2\/users\/3"}],"replies":[{"embeddable":true,"href":"https:\/\/blogsites.ksbe.edu\/fnfp\/wp-json\/wp\/v2\/comments?post=232"}],"version-history":[{"count":0,"href":"https:\/\/blogsites.ksbe.edu\/fnfp\/wp-json\/wp\/v2\/pages\/232\/revisions"}],"up":[{"embeddable":true,"href":"https:\/\/blogsites.ksbe.edu\/fnfp\/wp-json\/wp\/v2\/pages\/122"}],"wp:attachment":[{"href":"https:\/\/blogsites.ksbe.edu\/fnfp\/wp-json\/wp\/v2\/media?parent=232"}],"curies":[{"name":"wp","href":"https:\/\/api.w.org\/{rel}","templated":true}]}}